{"id":6103,"date":"2025-11-03T08:33:17","date_gmt":"2025-11-03T08:33:17","guid":{"rendered":"https:\/\/ecopumptrack.com\/blog\/"},"modified":"2026-01-22T08:08:41","modified_gmt":"2026-01-22T08:08:41","slug":"blog","status":"publish","type":"page","link":"https:\/\/ecopumptrack.com\/es\/blog\/","title":{"rendered":"Blog"},"content":{"rendered":"\n<div class=\"wp-block-cover alignfull\" style=\"margin-top:0;margin-bottom:0;padding-top:3%;padding-right:0%;padding-bottom:10%;padding-left:5%;min-height:440px;aspect-ratio:unset;\"><span aria-hidden=\"true\" class=\"wp-block-cover__background has-theme-palette-2-background-color has-background-dim-30 has-background-dim\"><\/span><img loading=\"lazy\" decoding=\"async\" width=\"1920\" height=\"2560\" class=\"wp-block-cover__image-background wp-image-5862\" alt=\"\" src=\"https:\/\/ecopumptrack.com\/wp-content\/uploads\/2025\/11\/image00015-scaled.jpeg\" data-object-fit=\"cover\" srcset=\"https:\/\/ecopumptrack.com\/wp-content\/uploads\/2025\/11\/image00015-scaled.jpeg 1920w, https:\/\/ecopumptrack.com\/wp-content\/uploads\/2025\/11\/image00015-225x300.jpeg 225w, https:\/\/ecopumptrack.com\/wp-content\/uploads\/2025\/11\/image00015-768x1024.jpeg 768w, https:\/\/ecopumptrack.com\/wp-content\/uploads\/2025\/11\/image00015-1152x1536.jpeg 1152w, https:\/\/ecopumptrack.com\/wp-content\/uploads\/2025\/11\/image00015-1536x2048.jpeg 1536w, https:\/\/ecopumptrack.com\/wp-content\/uploads\/2025\/11\/image00015-600x800.jpeg 600w\" sizes=\"auto, (max-width: 1920px) 100vw, 1920px\" \/><div class=\"wp-block-cover__inner-container is-layout-flow wp-block-cover-is-layout-flow\">\n<p><\/p>\n\n\n\n<h3 class=\"wp-block-heading has-theme-palette-3-color has-text-color has-link-color has-xxlarge-font-size wp-elements-179ad7220647f58447554812d742eca9\">Blog<\/h3>\n\n\n\n<h2 class=\"wp-block-heading has-theme-palette-3-color has-text-color has-link-color wp-elements-288c0c78bd1c6a173d492a2fee82ecd7\">Todo sobre nuestros proyectos y ubicaciones.<\/h2>\n\n\n\n<div class=\"wp-block-buttons is-layout-flex wp-block-buttons-is-layout-flex\" style=\"margin-top:var(--wp--preset--spacing--30);margin-bottom:var(--wp--preset--spacing--30)\">\n<div class=\"wp-block-button has-custom-font-size is-style-fill has-medium-font-size\"><a class=\"wp-block-button__link has-theme-palette-2-color has-theme-palette-1-background-color has-text-color has-background has-link-color has-text-align-center wp-element-button\" href=\"https:\/\/ecopumptrack.com\/es\/contacta-con-nosotros\/\" style=\"border-style:none;border-width:0px;border-radius:10px\">Contacta con nosotros  <\/a><\/div>\n<\/div>\n<\/div><\/div>\n<style>.kb-posts-id-5817_c86f67-f3 .entry.loop-entry .entry-header .entry-title{font-size:var(--global-kb-font-size-lg, 2rem);}.kb-posts-id-5817_c86f67-f3 .kb-post-list-item{display:grid;}<\/style><ul class=\"wp-block-kadence-posts kb-posts kadence-posts-list kb-posts-id-5817_c86f67-f3 content-wrap grid-cols kb-posts-style-boxed grid-sm-col-2 grid-lg-col-3 item-image-style-above\"><li class=\"kb-post-list-item\">\n\t<article class=\"entry content-bg loop-entry post-8122 post type-post status-publish format-standard hentry category-blog\">\n\t\t\t\t<div class=\"entry-content-wrap\">\n\t\t\t<header class=\"entry-header\">\n\t<h3 class=\"entry-title\"><a href=\"https:\/\/ecopumptrack.com\/es\/estamos-en-fahrrad-essen-2026\/\" rel=\"bookmark\">\u00a1Estamos en Fahrrad Essen 2026!<\/a><\/h3>\t<div class=\"entry-meta entry-meta-divider-dot\">\n\t\t\t\t<span class=\"posted-on\">\n\t\t\t\t<time class=\"entry-date published\" datetime=\"2026-01-23T15:08:11+00:00\">23 de enero de 2026<\/time><time class=\"updated\" datetime=\"2026-01-23T15:15:53+00:00\">23 de enero de 2026<\/time>\t\t\t<\/span>\n\t\t\t\t<\/div><!-- .entry-meta -->\n\t<\/header><!-- .entry-header -->\n\t<div class=\"entry-summary\">\n\t\t<p>Estamos encantados de exponer este a\u00f1o en Fahrrad Essen. Del 26 de febrero al 1 de marzo de 2026 nos encontrar\u00e1s en Essen, con una Ecopumptrack montada en el pabell\u00f3n 5 para realizar pruebas. Experimenta una pista de bombeo, no te limites a mirarlaUna pista de bombeo hay que montarla para entenderla de verdad. Precisamente&#8230;<\/p>\n\t<\/div><!-- .entry-summary -->\n\t<footer class=\"entry-footer\">\n\t\t\t<div class=\"entry-actions\">\n\t\t\t<p class=\"more-link-wrap\">\n\t\t\t\t<a href=\"https:\/\/ecopumptrack.com\/es\/estamos-en-fahrrad-essen-2026\/\" class=\"post-more-link\">\n\t\t\t\t\tLeer m\u00e1s<span class=\"screen-reader-text\"> \u00a1Estamos en Fahrrad Essen 2026!<\/span><span class=\"kadence-svg-iconset svg-baseline\"><svg aria-hidden=\"true\" class=\"kadence-svg-icon kadence-arrow-right-alt-svg\" fill=\"currentColor\" version=\"1.1\" xmlns=\"http:\/\/www.w3.org\/2000\/svg\" width=\"27\" height=\"28\" viewBox=\"0 0 27 28\"><title>Continuar<\/title><path d=\"M27 13.953c0 0.141-0.063 0.281-0.156 0.375l-6 5.531c-0.156 0.141-0.359 0.172-0.547 0.094-0.172-0.078-0.297-0.25-0.297-0.453v-3.5h-19.5c-0.281 0-0.5-0.219-0.5-0.5v-3c0-0.281 0.219-0.5 0.5-0.5h19.5v-3.5c0-0.203 0.109-0.375 0.297-0.453s0.391-0.047 0.547 0.078l6 5.469c0.094 0.094 0.156 0.219 0.156 0.359v0z\"><\/path>\n\t\t\t<\/svg><\/span>\t\t\t\t<\/a>\n\t\t\t<\/p>\n\t\t<\/div><!-- .entry-actions -->\n\t\t<\/footer><!-- .entry-footer -->\t\t<\/div>\n\t<\/article>\n<\/li>\n<li class=\"kb-post-list-item\">\n\t<article class=\"entry content-bg loop-entry post-6448 post type-post status-publish format-standard hentry category-blog\">\n\t\t\t\t<div class=\"entry-content-wrap\">\n\t\t\t<header class=\"entry-header\">\n\t<h3 class=\"entry-title\"><a href=\"https:\/\/ecopumptrack.com\/es\/ecopumptrack-como-equipamiento-ludico\/\" rel=\"bookmark\">Ecopumptrack como equipamiento l\u00fadico<\/a><\/h3>\t<div class=\"entry-meta entry-meta-divider-dot\">\n\t\t\t\t<span class=\"posted-on\">\n\t\t\t\t<time class=\"entry-date published\" datetime=\"2025-12-03T13:54:33+00:00\">3 de diciembre de 2025<\/time><time class=\"updated\" datetime=\"2025-12-05T16:04:55+00:00\">5 de diciembre de 2025<\/time>\t\t\t<\/span>\n\t\t\t\t<\/div><!-- .entry-meta -->\n\t<\/header><!-- .entry-header -->\n\t<div class=\"entry-summary\">\n\t\t<p>\u00a1El futuro de los parques infantiles est\u00e1 rodando! Cuando pensamos en parques infantiles, normalmente s\u00f3lo vemos columpios, toboganes y un balanc\u00edn. Pero nuestros parques infantiles est\u00e1n evolucionando. Hoy como ayer, los ni\u00f1os quieren una cosa por encima de todo: movimiento, fluidez y aventura. Y ah\u00ed es exactamente donde entra en juego una pista de bombeo&#8230;.<\/p>\n\t<\/div><!-- .entry-summary -->\n\t<footer class=\"entry-footer\">\n\t\t\t<div class=\"entry-actions\">\n\t\t\t<p class=\"more-link-wrap\">\n\t\t\t\t<a href=\"https:\/\/ecopumptrack.com\/es\/ecopumptrack-como-equipamiento-ludico\/\" class=\"post-more-link\">\n\t\t\t\t\tLeer m\u00e1s<span class=\"screen-reader-text\"> Ecopumptrack como equipamiento l\u00fadico<\/span><span class=\"kadence-svg-iconset svg-baseline\"><svg aria-hidden=\"true\" class=\"kadence-svg-icon kadence-arrow-right-alt-svg\" fill=\"currentColor\" version=\"1.1\" xmlns=\"http:\/\/www.w3.org\/2000\/svg\" width=\"27\" height=\"28\" viewBox=\"0 0 27 28\"><title>Continuar<\/title><path d=\"M27 13.953c0 0.141-0.063 0.281-0.156 0.375l-6 5.531c-0.156 0.141-0.359 0.172-0.547 0.094-0.172-0.078-0.297-0.25-0.297-0.453v-3.5h-19.5c-0.281 0-0.5-0.219-0.5-0.5v-3c0-0.281 0.219-0.5 0.5-0.5h19.5v-3.5c0-0.203 0.109-0.375 0.297-0.453s0.391-0.047 0.547 0.078l6 5.469c0.094 0.094 0.156 0.219 0.156 0.359v0z\"><\/path>\n\t\t\t<\/svg><\/span>\t\t\t\t<\/a>\n\t\t\t<\/p>\n\t\t<\/div><!-- .entry-actions -->\n\t\t<\/footer><!-- .entry-footer -->\t\t<\/div>\n\t<\/article>\n<\/li>\n<li class=\"kb-post-list-item\">\n\t<article class=\"entry content-bg loop-entry post-6162 post type-post status-publish format-standard hentry category-blog tag-parque-infantil-roth tag-pista-de-bombeo-roth\">\n\t\t\t\t<div class=\"entry-content-wrap\">\n\t\t\t<header class=\"entry-header\">\n\t<h3 class=\"entry-title\"><a href=\"https:\/\/ecopumptrack.com\/es\/nueva-ecopista-en-roth\/\" rel=\"bookmark\">Nueva Ecopista en Roth<\/a><\/h3>\t<div class=\"entry-meta entry-meta-divider-dot\">\n\t\t\t\t<span class=\"posted-on\">\n\t\t\t\t<time class=\"entry-date published\" datetime=\"2025-11-03T08:12:00+00:00\">3 de noviembre de 2025<\/time><time class=\"updated\" datetime=\"2025-11-07T11:09:41+00:00\">7 de noviembre de 2025<\/time>\t\t\t<\/span>\n\t\t\t\t<\/div><!-- .entry-meta -->\n\t<\/header><!-- .entry-header -->\n\t<div class=\"entry-summary\">\n\t\t<p>A partir de ahora, \u00a1es hora de subirse a la bici, la tabla o el patinete! Nuestra nueva Ecopista de Roth ya est\u00e1 en marcha y ofrece diversi\u00f3n para j\u00f3venes y mayores. Tanto si eres principiante como profesional, aqu\u00ed podr\u00e1s poner a prueba tus habilidades, mejorar tu forma f\u00edsica y simplemente pasarlo bien.\u00a1Ven y prueba&#8230;<\/p>\n\t<\/div><!-- .entry-summary -->\n\t<footer class=\"entry-footer\">\n\t\t\t<div class=\"entry-actions\">\n\t\t\t<p class=\"more-link-wrap\">\n\t\t\t\t<a href=\"https:\/\/ecopumptrack.com\/es\/nueva-ecopista-en-roth\/\" class=\"post-more-link\">\n\t\t\t\t\tLeer m\u00e1s<span class=\"screen-reader-text\"> Nueva Ecopista en Roth<\/span><span class=\"kadence-svg-iconset svg-baseline\"><svg aria-hidden=\"true\" class=\"kadence-svg-icon kadence-arrow-right-alt-svg\" fill=\"currentColor\" version=\"1.1\" xmlns=\"http:\/\/www.w3.org\/2000\/svg\" width=\"27\" height=\"28\" viewBox=\"0 0 27 28\"><title>Continuar<\/title><path d=\"M27 13.953c0 0.141-0.063 0.281-0.156 0.375l-6 5.531c-0.156 0.141-0.359 0.172-0.547 0.094-0.172-0.078-0.297-0.25-0.297-0.453v-3.5h-19.5c-0.281 0-0.5-0.219-0.5-0.5v-3c0-0.281 0.219-0.5 0.5-0.5h19.5v-3.5c0-0.203 0.109-0.375 0.297-0.453s0.391-0.047 0.547 0.078l6 5.469c0.094 0.094 0.156 0.219 0.156 0.359v0z\"><\/path>\n\t\t\t<\/svg><\/span>\t\t\t\t<\/a>\n\t\t\t<\/p>\n\t\t<\/div><!-- .entry-actions -->\n\t\t<\/footer><!-- .entry-footer -->\t\t<\/div>\n\t<\/article>\n<\/li>\n<li class=\"kb-post-list-item\">\n\t<article class=\"entry content-bg loop-entry post-6110 post type-post status-publish format-standard hentry category-blog\">\n\t\t\t\t<div class=\"entry-content-wrap\">\n\t\t\t<header class=\"entry-header\">\n\t<h3 class=\"entry-title\"><a href=\"https:\/\/ecopumptrack.com\/es\/que-es-una-pista-de-pump-track\/\" rel=\"bookmark\">\u00bfQu\u00e9 es una pista de pump track?<\/a><\/h3>\t<div class=\"entry-meta entry-meta-divider-dot\">\n\t\t\t\t<span class=\"posted-on\">\n\t\t\t\t<time class=\"entry-date published\" datetime=\"2025-02-01T15:06:25+00:00\">1 de febrero de 2025<\/time><time class=\"updated\" datetime=\"2025-11-07T11:10:25+00:00\">7 de noviembre de 2025<\/time>\t\t\t<\/span>\n\t\t\t\t<\/div><!-- .entry-meta -->\n\t<\/header><!-- .entry-header -->\n\t<div class=\"entry-summary\">\n\t\t<p>Descubre el mundo de las pistas de bombeo m\u00f3viles y modulares de Ecopumptrack Una pista de pump track es una pista especialmente dise\u00f1ada con olas y curvas pronunciadas que te permite aumentar la velocidad s\u00f3lo con movimientos din\u00e1micos del cuerpo, sin pedalear ni empujar. Desarrolladas originalmente para bicicletas BMX y bicicletas de monta\u00f1a, las modernas&#8230;<\/p>\n\t<\/div><!-- .entry-summary -->\n\t<footer class=\"entry-footer\">\n\t\t\t<div class=\"entry-actions\">\n\t\t\t<p class=\"more-link-wrap\">\n\t\t\t\t<a href=\"https:\/\/ecopumptrack.com\/es\/que-es-una-pista-de-pump-track\/\" class=\"post-more-link\">\n\t\t\t\t\tLeer m\u00e1s<span class=\"screen-reader-text\"> \u00bfQu\u00e9 es una pista de pump track?<\/span><span class=\"kadence-svg-iconset svg-baseline\"><svg aria-hidden=\"true\" class=\"kadence-svg-icon kadence-arrow-right-alt-svg\" fill=\"currentColor\" version=\"1.1\" xmlns=\"http:\/\/www.w3.org\/2000\/svg\" width=\"27\" height=\"28\" viewBox=\"0 0 27 28\"><title>Continuar<\/title><path d=\"M27 13.953c0 0.141-0.063 0.281-0.156 0.375l-6 5.531c-0.156 0.141-0.359 0.172-0.547 0.094-0.172-0.078-0.297-0.25-0.297-0.453v-3.5h-19.5c-0.281 0-0.5-0.219-0.5-0.5v-3c0-0.281 0.219-0.5 0.5-0.5h19.5v-3.5c0-0.203 0.109-0.375 0.297-0.453s0.391-0.047 0.547 0.078l6 5.469c0.094 0.094 0.156 0.219 0.156 0.359v0z\"><\/path>\n\t\t\t<\/svg><\/span>\t\t\t\t<\/a>\n\t\t\t<\/p>\n\t\t<\/div><!-- .entry-actions -->\n\t\t<\/footer><!-- .entry-footer -->\t\t<\/div>\n\t<\/article>\n<\/li>\n<\/ul>","protected":false},"excerpt":{"rendered":"","protected":false},"author":1,"featured_media":0,"parent":0,"menu_order":0,"comment_status":"closed","ping_status":"closed","template":"","meta":{"_kadence_starter_templates_imported_post":false,"_kad_post_transparent":"","_kad_post_title":"","_kad_post_layout":"","_kad_post_sidebar_id":"","_kad_post_content_style":"","_kad_post_vertical_padding":"","_kad_post_feature":"","_kad_post_feature_position":"","_kad_post_header":false,"_kad_post_footer":false,"_kad_post_classname":"","footnotes":""},"class_list":["post-6103","page","type-page","status-publish","hentry"],"_links":{"self":[{"href":"https:\/\/ecopumptrack.com\/es\/wp-json\/wp\/v2\/pages\/6103","targetHints":{"allow":["GET"]}}],"collection":[{"href":"https:\/\/ecopumptrack.com\/es\/wp-json\/wp\/v2\/pages"}],"about":[{"href":"https:\/\/ecopumptrack.com\/es\/wp-json\/wp\/v2\/types\/page"}],"author":[{"embeddable":true,"href":"https:\/\/ecopumptrack.com\/es\/wp-json\/wp\/v2\/users\/1"}],"replies":[{"embeddable":true,"href":"https:\/\/ecopumptrack.com\/es\/wp-json\/wp\/v2\/comments?post=6103"}],"version-history":[{"count":7,"href":"https:\/\/ecopumptrack.com\/es\/wp-json\/wp\/v2\/pages\/6103\/revisions"}],"predecessor-version":[{"id":7788,"href":"https:\/\/ecopumptrack.com\/es\/wp-json\/wp\/v2\/pages\/6103\/revisions\/7788"}],"wp:attachment":[{"href":"https:\/\/ecopumptrack.com\/es\/wp-json\/wp\/v2\/media?parent=6103"}],"curies":[{"name":"wp","href":"https:\/\/api.w.org\/{rel}","templated":true}]}}