{"id":6047,"date":"2025-02-05T17:23:14","date_gmt":"2025-02-05T17:23:14","guid":{"rendered":"https:\/\/ecopumptrack.com\/product\/luxemburgo\/"},"modified":"2026-02-12T08:21:19","modified_gmt":"2026-02-12T08:21:19","slug":"luxemburgo","status":"publish","type":"product","link":"https:\/\/ecopumptrack.com\/es\/producto\/luxemburgo\/","title":{"rendered":"LUXEMBURGO"},"content":{"rendered":"<div class=\"elementor-element elementor-element-3c41a13 elementor-widget elementor-widget-text-editor\" data-id=\"3c41a13\" data-element_type=\"widget\" data-widget_type=\"text-editor.default\">\n<div class=\"elementor-widget-container\">\n<p><strong>Longitud de la calzada<\/strong><br \/>\n43m<\/p>\n<p><strong>N\u00famero de segmentos<\/strong><br \/>\n44<\/p>\n<p><strong>Superficie<\/strong><br \/>\naprox. 7m x 19m<\/p>\n<p><strong>Peso total<\/strong><br \/>\naprox. 2200kg<\/p>\n<\/div>\n<\/div>\n","protected":false},"excerpt":{"rendered":"<p>La pista de pump track modular Luxemburgo es la opci\u00f3n ideal para espacios reducidos y principiantes, pero ofrece a\u00fan m\u00e1s velocidad y din\u00e1mica gracias a dos olas adicionales. Su dise\u00f1o compacto permite un montaje flexible, perfecto para escuelas, clubes o espacios p\u00fablicos. A pesar de su manejable tama\u00f1o, esta pista de pump track m\u00f3vil garantiza la m\u00e1xima diversi\u00f3n y fomenta la destreza y el sentido del equilibrio.  <\/p>\n<p>\u00a1Compra ahora la pista de bombeo y crea una atracci\u00f3n emocionante para todas las edades!<\/p>\n","protected":false},"featured_media":6048,"template":"","meta":{"_kadence_starter_templates_imported_post":false,"_kad_post_transparent":"","_kad_post_title":"","_kad_post_layout":"","_kad_post_sidebar_id":"","_kad_post_content_style":"","_kad_post_vertical_padding":"","_kad_post_feature":"","_kad_post_feature_position":"","_kad_post_header":false,"_kad_post_footer":false,"_kad_post_classname":""},"product_brand":[],"product_cat":[252],"product_tag":[],"class_list":{"0":"post-6047","1":"product","2":"type-product","3":"status-publish","4":"has-post-thumbnail","6":"product_cat-pista-de-bombeo-estandar","8":"first","9":"instock","10":"shipping-taxable","11":"product-type-simple","12":"entry","13":"content-bg","14":"loop-entry"},"_links":{"self":[{"href":"https:\/\/ecopumptrack.com\/es\/wp-json\/wp\/v2\/product\/6047","targetHints":{"allow":["GET"]}}],"collection":[{"href":"https:\/\/ecopumptrack.com\/es\/wp-json\/wp\/v2\/product"}],"about":[{"href":"https:\/\/ecopumptrack.com\/es\/wp-json\/wp\/v2\/types\/product"}],"wp:featuredmedia":[{"embeddable":true,"href":"https:\/\/ecopumptrack.com\/es\/wp-json\/wp\/v2\/media\/6048"}],"wp:attachment":[{"href":"https:\/\/ecopumptrack.com\/es\/wp-json\/wp\/v2\/media?parent=6047"}],"wp:term":[{"taxonomy":"product_brand","embeddable":true,"href":"https:\/\/ecopumptrack.com\/es\/wp-json\/wp\/v2\/product_brand?post=6047"},{"taxonomy":"product_cat","embeddable":true,"href":"https:\/\/ecopumptrack.com\/es\/wp-json\/wp\/v2\/product_cat?post=6047"},{"taxonomy":"product_tag","embeddable":true,"href":"https:\/\/ecopumptrack.com\/es\/wp-json\/wp\/v2\/product_tag?post=6047"}],"curies":[{"name":"wp","href":"https:\/\/api.w.org\/{rel}","templated":true}]}}