{"id":6051,"date":"2025-02-05T17:34:32","date_gmt":"2025-02-05T17:34:32","guid":{"rendered":"https:\/\/ecopumptrack.com\/product\/oslo\/"},"modified":"2026-02-21T15:42:14","modified_gmt":"2026-02-21T15:42:14","slug":"oslo","status":"publish","type":"product","link":"https:\/\/ecopumptrack.com\/es\/producto\/oslo\/","title":{"rendered":"OSLO"},"content":{"rendered":"<p><strong>Longitud de la calzada<\/strong><br \/>\n47m<\/p>\n<p><strong>N\u00famero de segmentos<\/strong><br \/>\n48<\/p>\n<p><strong>Superficie<\/strong><br \/>\naprox. 17m x 15m<\/p>\n<p><strong>Peso total<\/strong><br \/>\naprox. 2400kg<\/p>\n","protected":false},"excerpt":{"rendered":"<p>La pista de bombeo modular Oslo se caracteriza por su trazado uniforme con curvas coordinadas. El objetivo es encontrar el ritmo perfecto para ganar velocidad con cada ola. Esta pista de bombeo m\u00f3vil ofrece un reto emocionante para todos los grupos de edad y fomenta la sensaci\u00f3n de fluidez y t\u00e9cnica. \u00a1Pide ya la pista de bombeo y crea una atracci\u00f3n de ocio din\u00e1mica!   <\/p>\n","protected":false},"featured_media":6052,"template":"","meta":{"_kadence_starter_templates_imported_post":false,"_kad_post_transparent":"","_kad_post_title":"","_kad_post_layout":"","_kad_post_sidebar_id":"","_kad_post_content_style":"","_kad_post_vertical_padding":"","_kad_post_feature":"","_kad_post_feature_position":"","_kad_post_header":false,"_kad_post_footer":false,"_kad_post_classname":""},"product_brand":[],"product_cat":[258],"product_tag":[],"class_list":{"0":"post-6051","1":"product","2":"type-product","3":"status-publish","4":"has-post-thumbnail","6":"product_cat-sin-categoria","8":"first","9":"instock","10":"shipping-taxable","11":"product-type-simple","12":"entry","13":"content-bg","14":"loop-entry"},"_links":{"self":[{"href":"https:\/\/ecopumptrack.com\/es\/wp-json\/wp\/v2\/product\/6051","targetHints":{"allow":["GET"]}}],"collection":[{"href":"https:\/\/ecopumptrack.com\/es\/wp-json\/wp\/v2\/product"}],"about":[{"href":"https:\/\/ecopumptrack.com\/es\/wp-json\/wp\/v2\/types\/product"}],"wp:featuredmedia":[{"embeddable":true,"href":"https:\/\/ecopumptrack.com\/es\/wp-json\/wp\/v2\/media\/6052"}],"wp:attachment":[{"href":"https:\/\/ecopumptrack.com\/es\/wp-json\/wp\/v2\/media?parent=6051"}],"wp:term":[{"taxonomy":"product_brand","embeddable":true,"href":"https:\/\/ecopumptrack.com\/es\/wp-json\/wp\/v2\/product_brand?post=6051"},{"taxonomy":"product_cat","embeddable":true,"href":"https:\/\/ecopumptrack.com\/es\/wp-json\/wp\/v2\/product_cat?post=6051"},{"taxonomy":"product_tag","embeddable":true,"href":"https:\/\/ecopumptrack.com\/es\/wp-json\/wp\/v2\/product_tag?post=6051"}],"curies":[{"name":"wp","href":"https:\/\/api.w.org\/{rel}","templated":true}]}}