{"id":6056,"date":"2025-02-05T17:20:55","date_gmt":"2025-02-05T17:20:55","guid":{"rendered":"https:\/\/ecopumptrack.com\/product\/lisboa\/"},"modified":"2026-02-21T15:41:33","modified_gmt":"2026-02-21T15:41:33","slug":"lisboa","status":"publish","type":"product","link":"https:\/\/ecopumptrack.com\/es\/producto\/lisboa\/","title":{"rendered":"LISBOA"},"content":{"rendered":"<p><strong>Longitud de la calzada<\/strong><br \/>\n60m<\/p>\n<p><strong>N\u00famero de segmentos<\/strong><br \/>\n65<\/p>\n<p><strong>Superficie<\/strong><br \/>\naprox. 16m x 23m<\/p>\n<p><strong>Peso total<\/strong><br \/>\naprox. 3250kg<\/p>\n","protected":false},"excerpt":{"rendered":"<p>La pista de pump track modular Lisboa ofrece una larga recta para ganar velocidad, combinada con olas variadas, curvas y un peque\u00f1o salto. Al igual que el modelo Helsinki, proporciona una experiencia de pilotaje din\u00e1mica y es ideal para principiantes y avanzados. Gracias a su dise\u00f1o modular, el pumptrack m\u00f3vil puede adaptarse y ampliarse con flexibilidad.<br \/>\n\u00a1Compra ya el pumptrack y crea una atracci\u00f3n llena de acci\u00f3n!  <\/p>\n","protected":false},"featured_media":6059,"template":"","meta":{"_kadence_starter_templates_imported_post":false,"_kad_post_transparent":"","_kad_post_title":"","_kad_post_layout":"","_kad_post_sidebar_id":"","_kad_post_content_style":"","_kad_post_vertical_padding":"","_kad_post_feature":"","_kad_post_feature_position":"","_kad_post_header":false,"_kad_post_footer":false,"_kad_post_classname":""},"product_brand":[],"product_cat":[252],"product_tag":[],"class_list":{"0":"post-6056","1":"product","2":"type-product","3":"status-publish","4":"has-post-thumbnail","6":"product_cat-pista-de-bombeo-estandar","8":"first","9":"instock","10":"shipping-taxable","11":"product-type-simple","12":"entry","13":"content-bg","14":"loop-entry"},"_links":{"self":[{"href":"https:\/\/ecopumptrack.com\/es\/wp-json\/wp\/v2\/product\/6056","targetHints":{"allow":["GET"]}}],"collection":[{"href":"https:\/\/ecopumptrack.com\/es\/wp-json\/wp\/v2\/product"}],"about":[{"href":"https:\/\/ecopumptrack.com\/es\/wp-json\/wp\/v2\/types\/product"}],"wp:featuredmedia":[{"embeddable":true,"href":"https:\/\/ecopumptrack.com\/es\/wp-json\/wp\/v2\/media\/6059"}],"wp:attachment":[{"href":"https:\/\/ecopumptrack.com\/es\/wp-json\/wp\/v2\/media?parent=6056"}],"wp:term":[{"taxonomy":"product_brand","embeddable":true,"href":"https:\/\/ecopumptrack.com\/es\/wp-json\/wp\/v2\/product_brand?post=6056"},{"taxonomy":"product_cat","embeddable":true,"href":"https:\/\/ecopumptrack.com\/es\/wp-json\/wp\/v2\/product_cat?post=6056"},{"taxonomy":"product_tag","embeddable":true,"href":"https:\/\/ecopumptrack.com\/es\/wp-json\/wp\/v2\/product_tag?post=6056"}],"curies":[{"name":"wp","href":"https:\/\/api.w.org\/{rel}","templated":true}]}}