{"id":6060,"date":"2025-02-05T17:30:49","date_gmt":"2025-02-05T17:30:49","guid":{"rendered":"https:\/\/ecopumptrack.com\/product\/madrid\/"},"modified":"2026-02-21T15:42:14","modified_gmt":"2026-02-21T15:42:14","slug":"madrid","status":"publish","type":"product","link":"https:\/\/ecopumptrack.com\/es\/producto\/madrid\/","title":{"rendered":"MADRID"},"content":{"rendered":"<p><strong>Longitud de la calzada<\/strong><br \/>\n50m<\/p>\n<p><strong>N\u00famero de segmentos<\/strong><br \/>\n52<\/p>\n<p><strong>Superficie<\/strong><br \/>\naprox. 13m x 19m<\/p>\n<p><strong>Peso total<\/strong><br \/>\naprox. 2600kg<\/p>\n<p>&nbsp;<\/p>\n","protected":false},"excerpt":{"rendered":"<p>El pumptrack modular Madrid es ideal para principiantes, ya que ofrece un dise\u00f1o de pista variado con ondas y curvas fluidas sin llegar a ser demasiado r\u00e1pido. Gracias a su estudiado dise\u00f1o, proporciona una experiencia de pilotaje segura y divertida para todos los grupos de edad. Como todos los modelos Ecopumptrack, est\u00e1 fabricada con materiales reciclados y es ampliable modularmente.  <\/p>\n<p>\u00a1Compra ahora la pista de bombeo y crea una atracci\u00f3n de ocio sostenible!<\/p>\n","protected":false},"featured_media":6061,"template":"","meta":{"_kadence_starter_templates_imported_post":false,"_kad_post_transparent":"","_kad_post_title":"","_kad_post_layout":"","_kad_post_sidebar_id":"","_kad_post_content_style":"","_kad_post_vertical_padding":"","_kad_post_feature":"","_kad_post_feature_position":"","_kad_post_header":false,"_kad_post_footer":false,"_kad_post_classname":""},"product_brand":[],"product_cat":[258],"product_tag":[],"class_list":{"0":"post-6060","1":"product","2":"type-product","3":"status-publish","4":"has-post-thumbnail","6":"product_cat-sin-categoria","8":"first","9":"instock","10":"shipping-taxable","11":"product-type-simple","12":"entry","13":"content-bg","14":"loop-entry"},"_links":{"self":[{"href":"https:\/\/ecopumptrack.com\/es\/wp-json\/wp\/v2\/product\/6060","targetHints":{"allow":["GET"]}}],"collection":[{"href":"https:\/\/ecopumptrack.com\/es\/wp-json\/wp\/v2\/product"}],"about":[{"href":"https:\/\/ecopumptrack.com\/es\/wp-json\/wp\/v2\/types\/product"}],"wp:featuredmedia":[{"embeddable":true,"href":"https:\/\/ecopumptrack.com\/es\/wp-json\/wp\/v2\/media\/6061"}],"wp:attachment":[{"href":"https:\/\/ecopumptrack.com\/es\/wp-json\/wp\/v2\/media?parent=6060"}],"wp:term":[{"taxonomy":"product_brand","embeddable":true,"href":"https:\/\/ecopumptrack.com\/es\/wp-json\/wp\/v2\/product_brand?post=6060"},{"taxonomy":"product_cat","embeddable":true,"href":"https:\/\/ecopumptrack.com\/es\/wp-json\/wp\/v2\/product_cat?post=6060"},{"taxonomy":"product_tag","embeddable":true,"href":"https:\/\/ecopumptrack.com\/es\/wp-json\/wp\/v2\/product_tag?post=6060"}],"curies":[{"name":"wp","href":"https:\/\/api.w.org\/{rel}","templated":true}]}}