{"id":6069,"date":"2025-02-03T14:57:50","date_gmt":"2025-02-03T14:57:50","guid":{"rendered":"https:\/\/ecopumptrack.com\/product\/vaduz\/"},"modified":"2025-11-07T10:04:31","modified_gmt":"2025-11-07T10:04:31","slug":"vaduz","status":"publish","type":"product","link":"https:\/\/ecopumptrack.com\/es\/producto\/vaduz\/","title":{"rendered":"VADUZ"},"content":{"rendered":"<div class=\"elementor-element elementor-element-3c41a13 elementor-widget elementor-widget-text-editor\" data-id=\"3c41a13\" data-element_type=\"widget\" data-widget_type=\"text-editor.default\">\n<div class=\"elementor-widget-container\">\n<p><strong style=\"font-family: var(--global-body-font-family);\">Longitud de la calzada<\/strong><\/p>\n<\/div>\n<\/div>\n<div class=\"elementor-element elementor-element-dad7fec elementor-widget elementor-widget-text-editor\" data-id=\"dad7fec\" data-element_type=\"widget\" data-widget_type=\"text-editor.default\">\n<div class=\"elementor-widget-container\">\n<p>37m<\/p>\n<p><strong>N\u00famero de segmentos<\/strong><br \/>\n38<\/p>\n<p><strong>Superficie<\/strong><br \/>\naprox. 7m x 16m<\/p>\n<p><strong>Peso total<\/strong><br \/>\naprox. 1900kg<\/p>\n<\/div>\n<\/div>\n","protected":false},"excerpt":{"rendered":"<p>Nuestro modelo de pista de pump track modular m\u00e1s peque\u00f1o y popular es la opci\u00f3n ideal para principiantes y espacios reducidos. Gracias a su dise\u00f1o compacto, esta pista de pump track m\u00f3vil se puede montar con flexibilidad y es perfecta para colegios, clubes o espacios p\u00fablicos. A pesar de su peque\u00f1o tama\u00f1o, ofrece la m\u00e1xima diversi\u00f3n y fomenta la destreza y el sentido del equilibrio.  <\/p>\n","protected":false},"featured_media":6078,"template":"","meta":{"_kadence_starter_templates_imported_post":false,"_kad_post_transparent":"","_kad_post_title":"","_kad_post_layout":"","_kad_post_sidebar_id":"","_kad_post_content_style":"","_kad_post_vertical_padding":"","_kad_post_feature":"","_kad_post_feature_position":"","_kad_post_header":false,"_kad_post_footer":false,"_kad_post_classname":""},"product_brand":[],"product_cat":[252],"product_tag":[],"class_list":{"0":"post-6069","1":"product","2":"type-product","3":"status-publish","4":"has-post-thumbnail","6":"product_cat-pista-de-bombeo-estandar","8":"first","9":"instock","10":"shipping-taxable","11":"product-type-simple","12":"entry","13":"content-bg","14":"loop-entry"},"_links":{"self":[{"href":"https:\/\/ecopumptrack.com\/es\/wp-json\/wp\/v2\/product\/6069","targetHints":{"allow":["GET"]}}],"collection":[{"href":"https:\/\/ecopumptrack.com\/es\/wp-json\/wp\/v2\/product"}],"about":[{"href":"https:\/\/ecopumptrack.com\/es\/wp-json\/wp\/v2\/types\/product"}],"wp:featuredmedia":[{"embeddable":true,"href":"https:\/\/ecopumptrack.com\/es\/wp-json\/wp\/v2\/media\/6078"}],"wp:attachment":[{"href":"https:\/\/ecopumptrack.com\/es\/wp-json\/wp\/v2\/media?parent=6069"}],"wp:term":[{"taxonomy":"product_brand","embeddable":true,"href":"https:\/\/ecopumptrack.com\/es\/wp-json\/wp\/v2\/product_brand?post=6069"},{"taxonomy":"product_cat","embeddable":true,"href":"https:\/\/ecopumptrack.com\/es\/wp-json\/wp\/v2\/product_cat?post=6069"},{"taxonomy":"product_tag","embeddable":true,"href":"https:\/\/ecopumptrack.com\/es\/wp-json\/wp\/v2\/product_tag?post=6069"}],"curies":[{"name":"wp","href":"https:\/\/api.w.org\/{rel}","templated":true}]}}