{"id":6152,"date":"2025-02-05T17:17:08","date_gmt":"2025-02-05T17:17:08","guid":{"rendered":"https:\/\/ecopumptrack.com\/product\/helsinki\/"},"modified":"2026-02-21T15:41:33","modified_gmt":"2026-02-21T15:41:33","slug":"helsinki","status":"publish","type":"product","link":"https:\/\/ecopumptrack.com\/es\/producto\/helsinki\/","title":{"rendered":"HELSINKI"},"content":{"rendered":"<div class=\"elementor-element elementor-element-3c41a13 elementor-widget elementor-widget-text-editor\" data-id=\"3c41a13\" data-element_type=\"widget\" data-widget_type=\"text-editor.default\">\n<div class=\"elementor-widget-container\">\n<p><strong style=\"font-family: var(--global-body-font-family);\">Longitud de la calzada<\/strong><\/p>\n<\/div>\n<\/div>\n<div class=\"elementor-element elementor-element-dad7fec elementor-widget elementor-widget-text-editor\" data-id=\"dad7fec\" data-element_type=\"widget\" data-widget_type=\"text-editor.default\">\n<div class=\"elementor-widget-container\">\n<p>59 m<\/p>\n<p><strong>N\u00famero de segmentos<\/strong><br \/>\n62<\/p>\n<p><strong>Superficie<\/strong><br \/>\naprox. 21 m x 14,5 m<\/p>\n<p><strong>Peso total<\/strong><br \/>\naprox. 3100 kg<\/p>\n<\/div>\n<\/div>\n","protected":false},"excerpt":{"rendered":"<div class=\"elementor-element elementor-element-3c41a13 elementor-widget elementor-widget-text-editor\" data-id=\"3c41a13\" data-element_type=\"widget\" data-widget_type=\"text-editor.default\">\n<div class=\"elementor-widget-container\">\n<p>La pista de pump track modular Helsinki es un modelo est\u00e1ndar ideal para divertirse montando. Con una combinaci\u00f3n de olas fluidas, curvas y un peque\u00f1o salto, ofrece tanto a los principiantes como a los ciclistas avanzados un reto emocionante. Gracias a su dise\u00f1o modular, la pista de pump track m\u00f3vil puede adaptarse con flexibilidad a distintas zonas y ampliarse seg\u00fan las necesidades.  <\/p>\n<p>\u00a1Compra ahora la pista de pump track y crea una atractiva instalaci\u00f3n de ocio para todos los grupos de edad!<\/p>\n<\/div>\n<\/div>\n","protected":false},"featured_media":6155,"template":"","meta":{"_kadence_starter_templates_imported_post":false,"_kad_post_transparent":"","_kad_post_title":"","_kad_post_layout":"","_kad_post_sidebar_id":"","_kad_post_content_style":"","_kad_post_vertical_padding":"","_kad_post_feature":"","_kad_post_feature_position":"","_kad_post_header":false,"_kad_post_footer":false,"_kad_post_classname":""},"product_brand":[],"product_cat":[258],"product_tag":[],"class_list":{"0":"post-6152","1":"product","2":"type-product","3":"status-publish","4":"has-post-thumbnail","6":"product_cat-sin-categoria","8":"first","9":"instock","10":"shipping-taxable","11":"product-type-simple","12":"entry","13":"content-bg","14":"loop-entry"},"_links":{"self":[{"href":"https:\/\/ecopumptrack.com\/es\/wp-json\/wp\/v2\/product\/6152","targetHints":{"allow":["GET"]}}],"collection":[{"href":"https:\/\/ecopumptrack.com\/es\/wp-json\/wp\/v2\/product"}],"about":[{"href":"https:\/\/ecopumptrack.com\/es\/wp-json\/wp\/v2\/types\/product"}],"wp:featuredmedia":[{"embeddable":true,"href":"https:\/\/ecopumptrack.com\/es\/wp-json\/wp\/v2\/media\/6155"}],"wp:attachment":[{"href":"https:\/\/ecopumptrack.com\/es\/wp-json\/wp\/v2\/media?parent=6152"}],"wp:term":[{"taxonomy":"product_brand","embeddable":true,"href":"https:\/\/ecopumptrack.com\/es\/wp-json\/wp\/v2\/product_brand?post=6152"},{"taxonomy":"product_cat","embeddable":true,"href":"https:\/\/ecopumptrack.com\/es\/wp-json\/wp\/v2\/product_cat?post=6152"},{"taxonomy":"product_tag","embeddable":true,"href":"https:\/\/ecopumptrack.com\/es\/wp-json\/wp\/v2\/product_tag?post=6152"}],"curies":[{"name":"wp","href":"https:\/\/api.w.org\/{rel}","templated":true}]}}