{"id":6094,"date":"2025-11-03T08:33:17","date_gmt":"2025-11-03T08:33:17","guid":{"rendered":"https:\/\/ecopumptrack.com\/blog\/"},"modified":"2026-01-22T08:08:42","modified_gmt":"2026-01-22T08:08:42","slug":"blog","status":"publish","type":"page","link":"https:\/\/ecopumptrack.com\/fr\/blog\/","title":{"rendered":"Blog"},"content":{"rendered":"\n<div class=\"wp-block-cover alignfull\" style=\"margin-top:0;margin-bottom:0;padding-top:3%;padding-right:0%;padding-bottom:10%;padding-left:5%;min-height:440px;aspect-ratio:unset;\"><span aria-hidden=\"true\" class=\"wp-block-cover__background has-theme-palette-2-background-color has-background-dim-30 has-background-dim\"><\/span><img loading=\"lazy\" decoding=\"async\" width=\"1920\" height=\"2560\" class=\"wp-block-cover__image-background wp-image-5862\" alt=\"\" src=\"https:\/\/ecopumptrack.com\/wp-content\/uploads\/2025\/11\/image00015-scaled.jpeg\" data-object-fit=\"cover\" srcset=\"https:\/\/ecopumptrack.com\/wp-content\/uploads\/2025\/11\/image00015-scaled.jpeg 1920w, https:\/\/ecopumptrack.com\/wp-content\/uploads\/2025\/11\/image00015-225x300.jpeg 225w, https:\/\/ecopumptrack.com\/wp-content\/uploads\/2025\/11\/image00015-768x1024.jpeg 768w, https:\/\/ecopumptrack.com\/wp-content\/uploads\/2025\/11\/image00015-1152x1536.jpeg 1152w, https:\/\/ecopumptrack.com\/wp-content\/uploads\/2025\/11\/image00015-1536x2048.jpeg 1536w, https:\/\/ecopumptrack.com\/wp-content\/uploads\/2025\/11\/image00015-600x800.jpeg 600w\" sizes=\"auto, (max-width: 1920px) 100vw, 1920px\" \/><div class=\"wp-block-cover__inner-container is-layout-flow wp-block-cover-is-layout-flow\">\n<p><\/p>\n\n\n\n<h3 class=\"wp-block-heading has-theme-palette-3-color has-text-color has-link-color has-xxlarge-font-size wp-elements-179ad7220647f58447554812d742eca9\">Blog<\/h3>\n\n\n\n<h2 class=\"wp-block-heading has-theme-palette-3-color has-text-color has-link-color wp-elements-6924470d4987f0126cb0e4e2f7c451b0\">Tout ce qui concerne nos projets et nos sites.<\/h2>\n\n\n\n<div class=\"wp-block-buttons is-layout-flex wp-block-buttons-is-layout-flex\" style=\"margin-top:var(--wp--preset--spacing--30);margin-bottom:var(--wp--preset--spacing--30)\">\n<div class=\"wp-block-button has-custom-font-size is-style-fill has-medium-font-size\"><a class=\"wp-block-button__link has-theme-palette-2-color has-theme-palette-1-background-color has-text-color has-background has-link-color has-text-align-center wp-element-button\" href=\"https:\/\/ecopumptrack.com\/fr\/contact\/\" style=\"border-style:none;border-width:0px;border-radius:10px\">Contact  <\/a><\/div>\n<\/div>\n<\/div><\/div>\n<style>.kb-posts-id-5817_c86f67-f3 .entry.loop-entry .entry-header .entry-title{font-size:var(--global-kb-font-size-lg, 2rem);}.kb-posts-id-5817_c86f67-f3 .kb-post-list-item{display:grid;}<\/style><ul class=\"wp-block-kadence-posts kb-posts kadence-posts-list kb-posts-id-5817_c86f67-f3 content-wrap grid-cols kb-posts-style-boxed grid-sm-col-2 grid-lg-col-3 item-image-style-above\"><li class=\"kb-post-list-item\">\n\t<article class=\"entry content-bg loop-entry post-8116 post type-post status-publish format-standard hentry category-blog\">\n\t\t\t\t<div class=\"entry-content-wrap\">\n\t\t\t<header class=\"entry-header\">\n\t<h3 class=\"entry-title\"><a href=\"https:\/\/ecopumptrack.com\/fr\/nous-sommes-au-salon-fahrrad-essen-2026\/\" rel=\"bookmark\">Nous sommes au salon Fahrrad Essen 2026 !<\/a><\/h3>\t<div class=\"entry-meta entry-meta-divider-dot\">\n\t\t\t\t<span class=\"posted-on\">\n\t\t\t\t<time class=\"entry-date published\" datetime=\"2026-01-23T15:08:11+00:00\">23 janvier 2026<\/time><time class=\"updated\" datetime=\"2026-01-23T15:14:48+00:00\">23 janvier 2026<\/time>\t\t\t<\/span>\n\t\t\t\t<\/div><!-- .entry-meta -->\n\t<\/header><!-- .entry-header -->\n\t<div class=\"entry-summary\">\n\t\t<p>Nous sommes tr\u00e8s heureux d&rsquo;\u00eatre pr\u00e9sents cette ann\u00e9e en tant qu&rsquo;exposants au salon Fahrrad Essen ! Du 26 f\u00e9vrier au 1er mars 2026, vous nous trouverez \u00e0 Essen &#8211; avec un Ecopumptrack install\u00e9 dans le hall 5 pour que vous puissiez le tester. Exp\u00e9rimenter la pumptrack &#8211; pas seulement la regarderIl faut rouler sur une&#8230;<\/p>\n\t<\/div><!-- .entry-summary -->\n\t<footer class=\"entry-footer\">\n\t\t\t<div class=\"entry-actions\">\n\t\t\t<p class=\"more-link-wrap\">\n\t\t\t\t<a href=\"https:\/\/ecopumptrack.com\/fr\/nous-sommes-au-salon-fahrrad-essen-2026\/\" class=\"post-more-link\">\n\t\t\t\t\tLire la suite<span class=\"screen-reader-text\"> Nous sommes au salon Fahrrad Essen 2026 !<\/span><span class=\"kadence-svg-iconset svg-baseline\"><svg aria-hidden=\"true\" class=\"kadence-svg-icon kadence-arrow-right-alt-svg\" fill=\"currentColor\" version=\"1.1\" xmlns=\"http:\/\/www.w3.org\/2000\/svg\" width=\"27\" height=\"28\" viewBox=\"0 0 27 28\"><title>Continuer<\/title><path d=\"M27 13.953c0 0.141-0.063 0.281-0.156 0.375l-6 5.531c-0.156 0.141-0.359 0.172-0.547 0.094-0.172-0.078-0.297-0.25-0.297-0.453v-3.5h-19.5c-0.281 0-0.5-0.219-0.5-0.5v-3c0-0.281 0.219-0.5 0.5-0.5h19.5v-3.5c0-0.203 0.109-0.375 0.297-0.453s0.391-0.047 0.547 0.078l6 5.469c0.094 0.094 0.156 0.219 0.156 0.359v0z\"><\/path>\n\t\t\t<\/svg><\/span>\t\t\t\t<\/a>\n\t\t\t<\/p>\n\t\t<\/div><!-- .entry-actions -->\n\t\t<\/footer><!-- .entry-footer -->\t\t<\/div>\n\t<\/article>\n<\/li>\n<li class=\"kb-post-list-item\">\n\t<article class=\"entry content-bg loop-entry post-6442 post type-post status-publish format-standard hentry category-blog\">\n\t\t\t\t<div class=\"entry-content-wrap\">\n\t\t\t<header class=\"entry-header\">\n\t<h3 class=\"entry-title\"><a href=\"https:\/\/ecopumptrack.com\/fr\/ecopumptrack-en-tant-quequipement-de-jeu\/\" rel=\"bookmark\">Ecopumptrack en tant qu&rsquo;\u00e9quipement de jeu<\/a><\/h3>\t<div class=\"entry-meta entry-meta-divider-dot\">\n\t\t\t\t<span class=\"posted-on\">\n\t\t\t\t<time class=\"entry-date published\" datetime=\"2025-12-03T13:54:33+00:00\">3 d\u00e9cembre 2025<\/time><time class=\"updated\" datetime=\"2025-12-05T16:04:55+00:00\">5 d\u00e9cembre 2025<\/time>\t\t\t<\/span>\n\t\t\t\t<\/div><!-- .entry-meta -->\n\t<\/header><!-- .entry-header -->\n\t<div class=\"entry-summary\">\n\t\t<p>L&rsquo;avenir des aires de jeux est en marche ! Lorsque nous pensons aux aires de jeux, nous ne voyons g\u00e9n\u00e9ralement que des balan\u00e7oires, des toboggans et une bascule. Mais nos aires de jeux \u00e9voluent. Aujourd&rsquo;hui comme hier, les enfants veulent avant tout bouger, s&rsquo;amuser et vivre des aventures. Et c&rsquo;est l\u00e0 qu&rsquo;une pump track entre&#8230;<\/p>\n\t<\/div><!-- .entry-summary -->\n\t<footer class=\"entry-footer\">\n\t\t\t<div class=\"entry-actions\">\n\t\t\t<p class=\"more-link-wrap\">\n\t\t\t\t<a href=\"https:\/\/ecopumptrack.com\/fr\/ecopumptrack-en-tant-quequipement-de-jeu\/\" class=\"post-more-link\">\n\t\t\t\t\tLire la suite<span class=\"screen-reader-text\"> Ecopumptrack en tant qu&rsquo;\u00e9quipement de jeu<\/span><span class=\"kadence-svg-iconset svg-baseline\"><svg aria-hidden=\"true\" class=\"kadence-svg-icon kadence-arrow-right-alt-svg\" fill=\"currentColor\" version=\"1.1\" xmlns=\"http:\/\/www.w3.org\/2000\/svg\" width=\"27\" height=\"28\" viewBox=\"0 0 27 28\"><title>Continuer<\/title><path d=\"M27 13.953c0 0.141-0.063 0.281-0.156 0.375l-6 5.531c-0.156 0.141-0.359 0.172-0.547 0.094-0.172-0.078-0.297-0.25-0.297-0.453v-3.5h-19.5c-0.281 0-0.5-0.219-0.5-0.5v-3c0-0.281 0.219-0.5 0.5-0.5h19.5v-3.5c0-0.203 0.109-0.375 0.297-0.453s0.391-0.047 0.547 0.078l6 5.469c0.094 0.094 0.156 0.219 0.156 0.359v0z\"><\/path>\n\t\t\t<\/svg><\/span>\t\t\t\t<\/a>\n\t\t\t<\/p>\n\t\t<\/div><!-- .entry-actions -->\n\t\t<\/footer><!-- .entry-footer -->\t\t<\/div>\n\t<\/article>\n<\/li>\n<li class=\"kb-post-list-item\">\n\t<article class=\"entry content-bg loop-entry post-6157 post type-post status-publish format-standard hentry category-blog tag-aire-de-jeux-de-roth tag-pumptrack-roth\">\n\t\t\t\t<div class=\"entry-content-wrap\">\n\t\t\t<header class=\"entry-header\">\n\t<h3 class=\"entry-title\"><a href=\"https:\/\/ecopumptrack.com\/fr\/nouvelle-ecopumptrack-a-roth\/\" rel=\"bookmark\">Nouvelle \u00e9copumptrack \u00e0 Roth<\/a><\/h3>\t<div class=\"entry-meta entry-meta-divider-dot\">\n\t\t\t\t<span class=\"posted-on\">\n\t\t\t\t<time class=\"entry-date published\" datetime=\"2025-11-03T08:12:00+00:00\">3 novembre 2025<\/time><time class=\"updated\" datetime=\"2025-11-07T11:09:42+00:00\">7 novembre 2025<\/time>\t\t\t<\/span>\n\t\t\t\t<\/div><!-- .entry-meta -->\n\t<\/header><!-- .entry-header -->\n\t<div class=\"entry-summary\">\n\t\t<p>D\u00e8s maintenant, enfourchez votre v\u00e9lo, votre planche ou votre trottinette ! Notre nouvel Ecopumptrack \u00e0 Roth est en place et offre du plaisir de conduite pour les petits et les grands. Que vous soyez d\u00e9butant ou professionnel, vous pourrez tester vos comp\u00e9tences, d\u00e9velopper votre condition physique et tout simplement passer un bon moment.Venez essayer la&#8230;<\/p>\n\t<\/div><!-- .entry-summary -->\n\t<footer class=\"entry-footer\">\n\t\t\t<div class=\"entry-actions\">\n\t\t\t<p class=\"more-link-wrap\">\n\t\t\t\t<a href=\"https:\/\/ecopumptrack.com\/fr\/nouvelle-ecopumptrack-a-roth\/\" class=\"post-more-link\">\n\t\t\t\t\tLire la suite<span class=\"screen-reader-text\"> Nouvelle \u00e9copumptrack \u00e0 Roth<\/span><span class=\"kadence-svg-iconset svg-baseline\"><svg aria-hidden=\"true\" class=\"kadence-svg-icon kadence-arrow-right-alt-svg\" fill=\"currentColor\" version=\"1.1\" xmlns=\"http:\/\/www.w3.org\/2000\/svg\" width=\"27\" height=\"28\" viewBox=\"0 0 27 28\"><title>Continuer<\/title><path d=\"M27 13.953c0 0.141-0.063 0.281-0.156 0.375l-6 5.531c-0.156 0.141-0.359 0.172-0.547 0.094-0.172-0.078-0.297-0.25-0.297-0.453v-3.5h-19.5c-0.281 0-0.5-0.219-0.5-0.5v-3c0-0.281 0.219-0.5 0.5-0.5h19.5v-3.5c0-0.203 0.109-0.375 0.297-0.453s0.391-0.047 0.547 0.078l6 5.469c0.094 0.094 0.156 0.219 0.156 0.359v0z\"><\/path>\n\t\t\t<\/svg><\/span>\t\t\t\t<\/a>\n\t\t\t<\/p>\n\t\t<\/div><!-- .entry-actions -->\n\t\t<\/footer><!-- .entry-footer -->\t\t<\/div>\n\t<\/article>\n<\/li>\n<li class=\"kb-post-list-item\">\n\t<article class=\"entry content-bg loop-entry post-6101 post type-post status-publish format-standard hentry category-blog\">\n\t\t\t\t<div class=\"entry-content-wrap\">\n\t\t\t<header class=\"entry-header\">\n\t<h3 class=\"entry-title\"><a href=\"https:\/\/ecopumptrack.com\/fr\/quest-ce-quune-pumptrack\/\" rel=\"bookmark\">Qu&rsquo;est-ce qu&rsquo;une pumptrack ?<\/a><\/h3>\t<div class=\"entry-meta entry-meta-divider-dot\">\n\t\t\t\t<span class=\"posted-on\">\n\t\t\t\t<time class=\"entry-date published\" datetime=\"2025-02-01T15:06:25+00:00\">1 f\u00e9vrier 2025<\/time><time class=\"updated\" datetime=\"2025-11-07T11:10:10+00:00\">7 novembre 2025<\/time>\t\t\t<\/span>\n\t\t\t\t<\/div><!-- .entry-meta -->\n\t<\/header><!-- .entry-header -->\n\t<div class=\"entry-summary\">\n\t\t<p>D\u00e9couvrez le monde des pumptracks mobiles et modulaires d&rsquo;Ecopumptrack Une pumptrack est une piste sp\u00e9cialement con\u00e7ue, avec des vagues et des virages relev\u00e9s, qui permet d&rsquo;acqu\u00e9rir de la vitesse uniquement gr\u00e2ce aux mouvements dynamiques du corps, sans p\u00e9daler ni pousser. Con\u00e7ues \u00e0 l&rsquo;origine pour les v\u00e9los BMX et les VTT, les pumptracks modernes sont d\u00e9sormais&#8230;<\/p>\n\t<\/div><!-- .entry-summary -->\n\t<footer class=\"entry-footer\">\n\t\t\t<div class=\"entry-actions\">\n\t\t\t<p class=\"more-link-wrap\">\n\t\t\t\t<a href=\"https:\/\/ecopumptrack.com\/fr\/quest-ce-quune-pumptrack\/\" class=\"post-more-link\">\n\t\t\t\t\tLire la suite<span class=\"screen-reader-text\"> Qu&rsquo;est-ce qu&rsquo;une pumptrack ?<\/span><span class=\"kadence-svg-iconset svg-baseline\"><svg aria-hidden=\"true\" class=\"kadence-svg-icon kadence-arrow-right-alt-svg\" fill=\"currentColor\" version=\"1.1\" xmlns=\"http:\/\/www.w3.org\/2000\/svg\" width=\"27\" height=\"28\" viewBox=\"0 0 27 28\"><title>Continuer<\/title><path d=\"M27 13.953c0 0.141-0.063 0.281-0.156 0.375l-6 5.531c-0.156 0.141-0.359 0.172-0.547 0.094-0.172-0.078-0.297-0.25-0.297-0.453v-3.5h-19.5c-0.281 0-0.5-0.219-0.5-0.5v-3c0-0.281 0.219-0.5 0.5-0.5h19.5v-3.5c0-0.203 0.109-0.375 0.297-0.453s0.391-0.047 0.547 0.078l6 5.469c0.094 0.094 0.156 0.219 0.156 0.359v0z\"><\/path>\n\t\t\t<\/svg><\/span>\t\t\t\t<\/a>\n\t\t\t<\/p>\n\t\t<\/div><!-- .entry-actions -->\n\t\t<\/footer><!-- .entry-footer -->\t\t<\/div>\n\t<\/article>\n<\/li>\n<\/ul>","protected":false},"excerpt":{"rendered":"","protected":false},"author":1,"featured_media":0,"parent":0,"menu_order":0,"comment_status":"closed","ping_status":"closed","template":"","meta":{"_kadence_starter_templates_imported_post":false,"_kad_post_transparent":"","_kad_post_title":"","_kad_post_layout":"","_kad_post_sidebar_id":"","_kad_post_content_style":"","_kad_post_vertical_padding":"","_kad_post_feature":"","_kad_post_feature_position":"","_kad_post_header":false,"_kad_post_footer":false,"_kad_post_classname":"","footnotes":""},"class_list":["post-6094","page","type-page","status-publish","hentry"],"_links":{"self":[{"href":"https:\/\/ecopumptrack.com\/fr\/wp-json\/wp\/v2\/pages\/6094","targetHints":{"allow":["GET"]}}],"collection":[{"href":"https:\/\/ecopumptrack.com\/fr\/wp-json\/wp\/v2\/pages"}],"about":[{"href":"https:\/\/ecopumptrack.com\/fr\/wp-json\/wp\/v2\/types\/page"}],"author":[{"embeddable":true,"href":"https:\/\/ecopumptrack.com\/fr\/wp-json\/wp\/v2\/users\/1"}],"replies":[{"embeddable":true,"href":"https:\/\/ecopumptrack.com\/fr\/wp-json\/wp\/v2\/comments?post=6094"}],"version-history":[{"count":7,"href":"https:\/\/ecopumptrack.com\/fr\/wp-json\/wp\/v2\/pages\/6094\/revisions"}],"predecessor-version":[{"id":7789,"href":"https:\/\/ecopumptrack.com\/fr\/wp-json\/wp\/v2\/pages\/6094\/revisions\/7789"}],"wp:attachment":[{"href":"https:\/\/ecopumptrack.com\/fr\/wp-json\/wp\/v2\/media?parent=6094"}],"curies":[{"name":"wp","href":"https:\/\/api.w.org\/{rel}","templated":true}]}}