{"id":6046,"date":"2025-02-05T17:34:32","date_gmt":"2025-02-05T17:34:32","guid":{"rendered":"https:\/\/ecopumptrack.com\/product\/oslo\/"},"modified":"2026-02-21T15:42:16","modified_gmt":"2026-02-21T15:42:16","slug":"oslo","status":"publish","type":"product","link":"https:\/\/ecopumptrack.com\/fr\/produit\/oslo\/","title":{"rendered":"OSLO"},"content":{"rendered":"<p><strong>Longueur du tablier<\/strong><br \/>\n47m<\/p>\n<p><strong>Nombre de segments<\/strong><br \/>\n48<\/p>\n<p><strong>Surface<\/strong><br \/>\nenv. 17m x 15m<\/p>\n<p><strong>Poids total<\/strong><br \/>\nenv. 2400kg<\/p>\n","protected":false},"excerpt":{"rendered":"<p>La pumptrack modulaire Oslo se caract\u00e9rise par un trac\u00e9 r\u00e9gulier avec des virages coordonn\u00e9s. Il s&rsquo;agit ici de trouver le rythme parfait pour gagner en vitesse \u00e0 chaque vague. Cette pumptrack mobile offre un d\u00e9fi passionnant pour tous les \u00e2ges et d\u00e9veloppe le sens du flow et de la technique. Commandez la pumptrack d\u00e8s maintenant et cr\u00e9ez une attraction de loisirs dynamique !   <\/p>\n","protected":false},"featured_media":6049,"template":"","meta":{"_kadence_starter_templates_imported_post":false,"_kad_post_transparent":"","_kad_post_title":"","_kad_post_layout":"","_kad_post_sidebar_id":"","_kad_post_content_style":"","_kad_post_vertical_padding":"","_kad_post_feature":"","_kad_post_feature_position":"","_kad_post_header":false,"_kad_post_footer":false,"_kad_post_classname":""},"product_brand":[],"product_cat":[255],"product_tag":[],"class_list":{"0":"post-6046","1":"product","2":"type-product","3":"status-publish","4":"has-post-thumbnail","6":"product_cat-non-classe","8":"first","9":"instock","10":"shipping-taxable","11":"product-type-simple","12":"entry","13":"content-bg","14":"loop-entry"},"_links":{"self":[{"href":"https:\/\/ecopumptrack.com\/fr\/wp-json\/wp\/v2\/product\/6046","targetHints":{"allow":["GET"]}}],"collection":[{"href":"https:\/\/ecopumptrack.com\/fr\/wp-json\/wp\/v2\/product"}],"about":[{"href":"https:\/\/ecopumptrack.com\/fr\/wp-json\/wp\/v2\/types\/product"}],"wp:featuredmedia":[{"embeddable":true,"href":"https:\/\/ecopumptrack.com\/fr\/wp-json\/wp\/v2\/media\/6049"}],"wp:attachment":[{"href":"https:\/\/ecopumptrack.com\/fr\/wp-json\/wp\/v2\/media?parent=6046"}],"wp:term":[{"taxonomy":"product_brand","embeddable":true,"href":"https:\/\/ecopumptrack.com\/fr\/wp-json\/wp\/v2\/product_brand?post=6046"},{"taxonomy":"product_cat","embeddable":true,"href":"https:\/\/ecopumptrack.com\/fr\/wp-json\/wp\/v2\/product_cat?post=6046"},{"taxonomy":"product_tag","embeddable":true,"href":"https:\/\/ecopumptrack.com\/fr\/wp-json\/wp\/v2\/product_tag?post=6046"}],"curies":[{"name":"wp","href":"https:\/\/api.w.org\/{rel}","templated":true}]}}