{"id":6050,"date":"2025-02-05T17:20:55","date_gmt":"2025-02-05T17:20:55","guid":{"rendered":"https:\/\/ecopumptrack.com\/product\/lisbone\/"},"modified":"2026-02-21T15:41:36","modified_gmt":"2026-02-21T15:41:36","slug":"lisbone","status":"publish","type":"product","link":"https:\/\/ecopumptrack.com\/fr\/produit\/lisbone\/","title":{"rendered":"LISBONE"},"content":{"rendered":"<p><strong>Longueur du tablier<\/strong><br \/>\n60m<\/p>\n<p><strong>Nombre de segments<\/strong><br \/>\n65<\/p>\n<p><strong>Surface<\/strong><br \/>\nenv. 16m x 23m<\/p>\n<p><strong>Poids total<\/strong><br \/>\nenv. 3250kg<\/p>\n","protected":false},"excerpt":{"rendered":"<p>La pumptrack modulaire Lisbon offre une longue ligne droite pour d\u00e9velopper la vitesse, combin\u00e9e \u00e0 des vagues vari\u00e9es, des virages et un petit saut. Semblable au mod\u00e8le Helsinki, elle assure une exp\u00e9rience de conduite dynamique et est id\u00e9ale pour les d\u00e9butants et les utilisateurs avanc\u00e9s. Gr\u00e2ce \u00e0 sa conception modulaire, la pumptrack mobile peut \u00eatre adapt\u00e9e et \u00e9tendue de mani\u00e8re flexible.<br \/>\nAchetez la pumptrack maintenant et cr\u00e9ez une attraction pleine d&rsquo;action !  <\/p>\n","protected":false},"featured_media":6054,"template":"","meta":{"_kadence_starter_templates_imported_post":false,"_kad_post_transparent":"","_kad_post_title":"","_kad_post_layout":"","_kad_post_sidebar_id":"","_kad_post_content_style":"","_kad_post_vertical_padding":"","_kad_post_feature":"","_kad_post_feature_position":"","_kad_post_header":false,"_kad_post_footer":false,"_kad_post_classname":""},"product_brand":[],"product_cat":[259],"product_tag":[],"class_list":{"0":"post-6050","1":"product","2":"type-product","3":"status-publish","4":"has-post-thumbnail","6":"product_cat-pumptrack-standard","8":"first","9":"instock","10":"shipping-taxable","11":"product-type-simple","12":"entry","13":"content-bg","14":"loop-entry"},"_links":{"self":[{"href":"https:\/\/ecopumptrack.com\/fr\/wp-json\/wp\/v2\/product\/6050","targetHints":{"allow":["GET"]}}],"collection":[{"href":"https:\/\/ecopumptrack.com\/fr\/wp-json\/wp\/v2\/product"}],"about":[{"href":"https:\/\/ecopumptrack.com\/fr\/wp-json\/wp\/v2\/types\/product"}],"wp:featuredmedia":[{"embeddable":true,"href":"https:\/\/ecopumptrack.com\/fr\/wp-json\/wp\/v2\/media\/6054"}],"wp:attachment":[{"href":"https:\/\/ecopumptrack.com\/fr\/wp-json\/wp\/v2\/media?parent=6050"}],"wp:term":[{"taxonomy":"product_brand","embeddable":true,"href":"https:\/\/ecopumptrack.com\/fr\/wp-json\/wp\/v2\/product_brand?post=6050"},{"taxonomy":"product_cat","embeddable":true,"href":"https:\/\/ecopumptrack.com\/fr\/wp-json\/wp\/v2\/product_cat?post=6050"},{"taxonomy":"product_tag","embeddable":true,"href":"https:\/\/ecopumptrack.com\/fr\/wp-json\/wp\/v2\/product_tag?post=6050"}],"curies":[{"name":"wp","href":"https:\/\/api.w.org\/{rel}","templated":true}]}}