{"id":6055,"date":"2025-02-05T17:30:49","date_gmt":"2025-02-05T17:30:49","guid":{"rendered":"https:\/\/ecopumptrack.com\/product\/madrid\/"},"modified":"2026-02-21T15:42:16","modified_gmt":"2026-02-21T15:42:16","slug":"madrid","status":"publish","type":"product","link":"https:\/\/ecopumptrack.com\/fr\/produit\/madrid\/","title":{"rendered":"MADRID"},"content":{"rendered":"<p><strong>Longueur du tablier<\/strong><br \/>\n50m<\/p>\n<p><strong>Nombre de segments<\/strong><br \/>\n52<\/p>\n<p><strong>Surface<\/strong><br \/>\nenv. 13m x 19m<\/p>\n<p><strong>Poids total<\/strong><br \/>\nenv. 2600kg<\/p>\n<p>&nbsp;<\/p>\n","protected":false},"excerpt":{"rendered":"<p>La pumptrack modulaire Madrid est id\u00e9ale pour les d\u00e9butants car elle offre un design de piste vari\u00e9 avec des vagues et des virages fluides, sans aller trop vite. Gr\u00e2ce \u00e0 sa conception bien pens\u00e9e, elle offre une exp\u00e9rience de conduite s\u00fbre et amusante pour tous les \u00e2ges. Comme tous les mod\u00e8les d&rsquo;Ecopumptrack, il est fabriqu\u00e9 \u00e0 partir de mat\u00e9riaux recycl\u00e9s et est extensible de fa\u00e7on modulaire.  <\/p>\n<p>Achetez la pumptrack maintenant et cr\u00e9ez une attraction de loisirs durable !<\/p>\n","protected":false},"featured_media":6057,"template":"","meta":{"_kadence_starter_templates_imported_post":false,"_kad_post_transparent":"","_kad_post_title":"","_kad_post_layout":"","_kad_post_sidebar_id":"","_kad_post_content_style":"","_kad_post_vertical_padding":"","_kad_post_feature":"","_kad_post_feature_position":"","_kad_post_header":false,"_kad_post_footer":false,"_kad_post_classname":""},"product_brand":[],"product_cat":[255],"product_tag":[],"class_list":{"0":"post-6055","1":"product","2":"type-product","3":"status-publish","4":"has-post-thumbnail","6":"product_cat-non-classe","8":"first","9":"instock","10":"shipping-taxable","11":"product-type-simple","12":"entry","13":"content-bg","14":"loop-entry"},"_links":{"self":[{"href":"https:\/\/ecopumptrack.com\/fr\/wp-json\/wp\/v2\/product\/6055","targetHints":{"allow":["GET"]}}],"collection":[{"href":"https:\/\/ecopumptrack.com\/fr\/wp-json\/wp\/v2\/product"}],"about":[{"href":"https:\/\/ecopumptrack.com\/fr\/wp-json\/wp\/v2\/types\/product"}],"wp:featuredmedia":[{"embeddable":true,"href":"https:\/\/ecopumptrack.com\/fr\/wp-json\/wp\/v2\/media\/6057"}],"wp:attachment":[{"href":"https:\/\/ecopumptrack.com\/fr\/wp-json\/wp\/v2\/media?parent=6055"}],"wp:term":[{"taxonomy":"product_brand","embeddable":true,"href":"https:\/\/ecopumptrack.com\/fr\/wp-json\/wp\/v2\/product_brand?post=6055"},{"taxonomy":"product_cat","embeddable":true,"href":"https:\/\/ecopumptrack.com\/fr\/wp-json\/wp\/v2\/product_cat?post=6055"},{"taxonomy":"product_tag","embeddable":true,"href":"https:\/\/ecopumptrack.com\/fr\/wp-json\/wp\/v2\/product_tag?post=6055"}],"curies":[{"name":"wp","href":"https:\/\/api.w.org\/{rel}","templated":true}]}}