{"id":6062,"date":"2025-02-05T17:17:08","date_gmt":"2025-02-05T17:17:08","guid":{"rendered":"https:\/\/ecopumptrack.com\/product\/helsinki\/"},"modified":"2026-02-21T15:41:36","modified_gmt":"2026-02-21T15:41:36","slug":"helsinki","status":"publish","type":"product","link":"https:\/\/ecopumptrack.com\/fr\/produit\/helsinki\/","title":{"rendered":"HELSINKI"},"content":{"rendered":"<div class=\"elementor-element elementor-element-3c41a13 elementor-widget elementor-widget-text-editor\" data-id=\"3c41a13\" data-element_type=\"widget\" data-widget_type=\"text-editor.default\">\n<div class=\"elementor-widget-container\">\n<p><strong style=\"font-family: var(--global-body-font-family);\">Longueur de la chauss\u00e9e<\/strong><\/p>\n<\/div>\n<\/div>\n<div class=\"elementor-element elementor-element-dad7fec elementor-widget elementor-widget-text-editor\" data-id=\"dad7fec\" data-element_type=\"widget\" data-widget_type=\"text-editor.default\">\n<div class=\"elementor-widget-container\">\n<p>59m<\/p>\n<p><strong>Nombre de segments<\/strong><br \/>\n62<\/p>\n<p><strong>Surface<\/strong><br \/>\nenv. 21m x 14,5m<\/p>\n<p><strong>Poids total<\/strong><br \/>\nenv. 3100kg<\/p>\n<\/div>\n<\/div>\n","protected":false},"excerpt":{"rendered":"<div class=\"elementor-element elementor-element-3c41a13 elementor-widget elementor-widget-text-editor\" data-id=\"3c41a13\" data-element_type=\"widget\" data-widget_type=\"text-editor.default\">\n<div class=\"elementor-widget-container\">\n<p>La pumptrack modulaire Helsinki est un mod\u00e8le standard id\u00e9al offrant un plaisir de conduite vari\u00e9. Avec une combinaison de vagues fluides, de virages et d&rsquo;un petit saut, elle offre un d\u00e9fi passionnant aux d\u00e9butants comme aux exp\u00e9riment\u00e9s. Gr\u00e2ce \u00e0 sa structure modulaire, la pumptrack mobile s&rsquo;adapte de mani\u00e8re flexible \u00e0 diff\u00e9rentes surfaces et peut \u00eatre agrandie si n\u00e9cessaire.  <\/p>\n<p>Achetez la pumptrack maintenant et cr\u00e9ez une opportunit\u00e9 de loisirs attrayante pour tous les \u00e2ges !<\/p>\n<\/div>\n<\/div>\n","protected":false},"featured_media":6064,"template":"","meta":{"_kadence_starter_templates_imported_post":false,"_kad_post_transparent":"","_kad_post_title":"","_kad_post_layout":"","_kad_post_sidebar_id":"","_kad_post_content_style":"","_kad_post_vertical_padding":"","_kad_post_feature":"","_kad_post_feature_position":"","_kad_post_header":false,"_kad_post_footer":false,"_kad_post_classname":""},"product_brand":[],"product_cat":[255],"product_tag":[],"class_list":{"0":"post-6062","1":"product","2":"type-product","3":"status-publish","4":"has-post-thumbnail","6":"product_cat-non-classe","8":"first","9":"instock","10":"shipping-taxable","11":"product-type-simple","12":"entry","13":"content-bg","14":"loop-entry"},"_links":{"self":[{"href":"https:\/\/ecopumptrack.com\/fr\/wp-json\/wp\/v2\/product\/6062","targetHints":{"allow":["GET"]}}],"collection":[{"href":"https:\/\/ecopumptrack.com\/fr\/wp-json\/wp\/v2\/product"}],"about":[{"href":"https:\/\/ecopumptrack.com\/fr\/wp-json\/wp\/v2\/types\/product"}],"wp:featuredmedia":[{"embeddable":true,"href":"https:\/\/ecopumptrack.com\/fr\/wp-json\/wp\/v2\/media\/6064"}],"wp:attachment":[{"href":"https:\/\/ecopumptrack.com\/fr\/wp-json\/wp\/v2\/media?parent=6062"}],"wp:term":[{"taxonomy":"product_brand","embeddable":true,"href":"https:\/\/ecopumptrack.com\/fr\/wp-json\/wp\/v2\/product_brand?post=6062"},{"taxonomy":"product_cat","embeddable":true,"href":"https:\/\/ecopumptrack.com\/fr\/wp-json\/wp\/v2\/product_cat?post=6062"},{"taxonomy":"product_tag","embeddable":true,"href":"https:\/\/ecopumptrack.com\/fr\/wp-json\/wp\/v2\/product_tag?post=6062"}],"curies":[{"name":"wp","href":"https:\/\/api.w.org\/{rel}","templated":true}]}}