{"id":6063,"date":"2025-02-05T17:23:14","date_gmt":"2025-02-05T17:23:14","guid":{"rendered":"https:\/\/ecopumptrack.com\/product\/luxembourg\/"},"modified":"2026-02-12T08:21:22","modified_gmt":"2026-02-12T08:21:22","slug":"luxembourg","status":"publish","type":"product","link":"https:\/\/ecopumptrack.com\/fr\/produit\/luxembourg\/","title":{"rendered":"LUXEMBOURG"},"content":{"rendered":"<div class=\"elementor-element elementor-element-3c41a13 elementor-widget elementor-widget-text-editor\" data-id=\"3c41a13\" data-element_type=\"widget\" data-widget_type=\"text-editor.default\">\n<div class=\"elementor-widget-container\">\n<p><strong>Longueur du tablier<\/strong><br \/>\n43m<\/p>\n<p><strong>Nombre de segments<\/strong><br \/>\n44<\/p>\n<p><strong>Surface<\/strong><br \/>\nenv. 7m x 19m<\/p>\n<p><strong>Poids total<\/strong><br \/>\nenv. 2200kg<\/p>\n<\/div>\n<\/div>\n","protected":false},"excerpt":{"rendered":"<p>La pumptrack modulaire Luxembourg est le choix id\u00e9al pour les petites surfaces et les d\u00e9butants, mais elle offre encore plus de vitesse et de dynamisme gr\u00e2ce \u00e0 deux vagues suppl\u00e9mentaires. Son design compact permet une installation flexible, parfaite pour les \u00e9coles, les clubs ou les lieux publics. Malgr\u00e9 sa taille pratique, cette pumptrack mobile offre un plaisir de conduite maximal et d\u00e9veloppe l&rsquo;habilet\u00e9 et le sens de l&rsquo;\u00e9quilibre.  <\/p>\n<p>Achetez la pumptrack maintenant et cr\u00e9ez une attraction passionnante pour tous les \u00e2ges !<\/p>\n","protected":false},"featured_media":6065,"template":"","meta":{"_kadence_starter_templates_imported_post":false,"_kad_post_transparent":"","_kad_post_title":"","_kad_post_layout":"","_kad_post_sidebar_id":"","_kad_post_content_style":"","_kad_post_vertical_padding":"","_kad_post_feature":"","_kad_post_feature_position":"","_kad_post_header":false,"_kad_post_footer":false,"_kad_post_classname":""},"product_brand":[],"product_cat":[259],"product_tag":[],"class_list":{"0":"post-6063","1":"product","2":"type-product","3":"status-publish","4":"has-post-thumbnail","6":"product_cat-pumptrack-standard","8":"first","9":"instock","10":"shipping-taxable","11":"product-type-simple","12":"entry","13":"content-bg","14":"loop-entry"},"_links":{"self":[{"href":"https:\/\/ecopumptrack.com\/fr\/wp-json\/wp\/v2\/product\/6063","targetHints":{"allow":["GET"]}}],"collection":[{"href":"https:\/\/ecopumptrack.com\/fr\/wp-json\/wp\/v2\/product"}],"about":[{"href":"https:\/\/ecopumptrack.com\/fr\/wp-json\/wp\/v2\/types\/product"}],"wp:featuredmedia":[{"embeddable":true,"href":"https:\/\/ecopumptrack.com\/fr\/wp-json\/wp\/v2\/media\/6065"}],"wp:attachment":[{"href":"https:\/\/ecopumptrack.com\/fr\/wp-json\/wp\/v2\/media?parent=6063"}],"wp:term":[{"taxonomy":"product_brand","embeddable":true,"href":"https:\/\/ecopumptrack.com\/fr\/wp-json\/wp\/v2\/product_brand?post=6063"},{"taxonomy":"product_cat","embeddable":true,"href":"https:\/\/ecopumptrack.com\/fr\/wp-json\/wp\/v2\/product_cat?post=6063"},{"taxonomy":"product_tag","embeddable":true,"href":"https:\/\/ecopumptrack.com\/fr\/wp-json\/wp\/v2\/product_tag?post=6063"}],"curies":[{"name":"wp","href":"https:\/\/api.w.org\/{rel}","templated":true}]}}