{"id":6067,"date":"2025-02-03T14:57:50","date_gmt":"2025-02-03T14:57:50","guid":{"rendered":"https:\/\/ecopumptrack.com\/product\/vaduz\/"},"modified":"2025-11-07T10:04:07","modified_gmt":"2025-11-07T10:04:07","slug":"vaduz","status":"publish","type":"product","link":"https:\/\/ecopumptrack.com\/fr\/produit\/vaduz\/","title":{"rendered":"VADUZ"},"content":{"rendered":"<div class=\"elementor-element elementor-element-3c41a13 elementor-widget elementor-widget-text-editor\" data-id=\"3c41a13\" data-element_type=\"widget\" data-widget_type=\"text-editor.default\">\n<div class=\"elementor-widget-container\">\n<p><strong style=\"font-family: var(--global-body-font-family);\">Longueur de la chauss\u00e9e<\/strong><\/p>\n<\/div>\n<\/div>\n<div class=\"elementor-element elementor-element-dad7fec elementor-widget elementor-widget-text-editor\" data-id=\"dad7fec\" data-element_type=\"widget\" data-widget_type=\"text-editor.default\">\n<div class=\"elementor-widget-container\">\n<p>37m<\/p>\n<p><strong>Nombre de segments<\/strong><br \/>\n38<\/p>\n<p><strong>Surface<\/strong><br \/>\nenv. 7m x 16m<\/p>\n<p><strong>Poids total<\/strong><br \/>\nenv. 1900kg<\/p>\n<\/div>\n<\/div>\n","protected":false},"excerpt":{"rendered":"<p>Notre plus petit mod\u00e8le de pumptrack modulaire, mais aussi le plus populaire, est le choix id\u00e9al pour les d\u00e9butants et les petites surfaces. Gr\u00e2ce \u00e0 son design compact, cette pumptrack mobile peut \u00eatre install\u00e9e de mani\u00e8re flexible et convient parfaitement aux \u00e9coles, aux clubs ou aux lieux publics. Malgr\u00e9 sa petite taille, il offre un plaisir de conduite maximal et d\u00e9veloppe l&rsquo;habilet\u00e9 et le sens de l&rsquo;\u00e9quilibre.  <\/p>\n","protected":false},"featured_media":6066,"template":"","meta":{"_kadence_starter_templates_imported_post":false,"_kad_post_transparent":"","_kad_post_title":"","_kad_post_layout":"","_kad_post_sidebar_id":"","_kad_post_content_style":"","_kad_post_vertical_padding":"","_kad_post_feature":"","_kad_post_feature_position":"","_kad_post_header":false,"_kad_post_footer":false,"_kad_post_classname":""},"product_brand":[],"product_cat":[259],"product_tag":[],"class_list":{"0":"post-6067","1":"product","2":"type-product","3":"status-publish","4":"has-post-thumbnail","6":"product_cat-pumptrack-standard","8":"first","9":"instock","10":"shipping-taxable","11":"product-type-simple","12":"entry","13":"content-bg","14":"loop-entry"},"_links":{"self":[{"href":"https:\/\/ecopumptrack.com\/fr\/wp-json\/wp\/v2\/product\/6067","targetHints":{"allow":["GET"]}}],"collection":[{"href":"https:\/\/ecopumptrack.com\/fr\/wp-json\/wp\/v2\/product"}],"about":[{"href":"https:\/\/ecopumptrack.com\/fr\/wp-json\/wp\/v2\/types\/product"}],"wp:featuredmedia":[{"embeddable":true,"href":"https:\/\/ecopumptrack.com\/fr\/wp-json\/wp\/v2\/media\/6066"}],"wp:attachment":[{"href":"https:\/\/ecopumptrack.com\/fr\/wp-json\/wp\/v2\/media?parent=6067"}],"wp:term":[{"taxonomy":"product_brand","embeddable":true,"href":"https:\/\/ecopumptrack.com\/fr\/wp-json\/wp\/v2\/product_brand?post=6067"},{"taxonomy":"product_cat","embeddable":true,"href":"https:\/\/ecopumptrack.com\/fr\/wp-json\/wp\/v2\/product_cat?post=6067"},{"taxonomy":"product_tag","embeddable":true,"href":"https:\/\/ecopumptrack.com\/fr\/wp-json\/wp\/v2\/product_tag?post=6067"}],"curies":[{"name":"wp","href":"https:\/\/api.w.org\/{rel}","templated":true}]}}