{"id":3599,"date":"2025-02-03T08:49:56","date_gmt":"2025-02-03T08:49:56","guid":{"rendered":"https:\/\/ecopumptrack.com\/la-nostra-missione\/"},"modified":"2025-03-02T13:54:38","modified_gmt":"2025-03-02T13:54:38","slug":"la-nostra-missione","status":"publish","type":"page","link":"https:\/\/ecopumptrack.com\/it\/la-nostra-missione\/","title":{"rendered":"La nostra missione"},"content":{"rendered":"<h1>Lo sviluppo della pista modulare Ecopumptrack<\/h1>\n<h2>La nostra missione e la nostra storia<\/h2>\n<p>L&#8217;idea di Ecopumptrack nasce dalla convinzione che sia possibile realizzare una <strong>pista pumptrack modulare: sicura, sostenibile ed economica<\/strong>. Le piste modulari erano gi\u00e0 presenti sul mercato prima che fondassimo l&#8217;azienda, ma erano per lo pi\u00f9 realizzate in fibra di vetro, un materiale che non \u00e8 n\u00e9 riciclabile n\u00e9 ecologico. Inoltre, molte di queste piste erano progettate in modo poco sicuro: pareti laterali dritte e inclinate, raggi stretti e bordi duri aumentavano notevolmente il rischio di lesioni.<\/p>\n<p>Il nostro obiettivo era quello di creare una <strong>pista pumptrack mobile che potesse essere allestita, ampliata e personalizzata in modo flessibile, senza compromettere la sicurezza, il rispetto dell&#8217;ambiente e la durata.<\/strong><\/p>\n<h2>La ricerca del materiale perfetto per una pista pumptrack sostenibile<\/h2>\n<p>\t\t\t\t\t\t\t\t\t\t\t\t\t\t\t<img loading=\"lazy\" decoding=\"async\" width=\"1024\" height=\"576\" src=\"https:\/\/ecopumptrack.com\/wp-content\/uploads\/2025\/02\/WP_20170330_15_56_31_Pro-1024x576.webp\" alt=\"modulare Pumptrack\" srcset=\"https:\/\/ecopumptrack.com\/wp-content\/uploads\/2025\/02\/WP_20170330_15_56_31_Pro-1024x576.webp 1024w, https:\/\/ecopumptrack.com\/wp-content\/uploads\/2025\/02\/WP_20170330_15_56_31_Pro-scaled-e1738570116740-600x338.webp 600w, https:\/\/ecopumptrack.com\/wp-content\/uploads\/2025\/02\/WP_20170330_15_56_31_Pro-300x169.webp 300w, https:\/\/ecopumptrack.com\/wp-content\/uploads\/2025\/02\/WP_20170330_15_56_31_Pro-768x432.webp 768w, https:\/\/ecopumptrack.com\/wp-content\/uploads\/2025\/02\/WP_20170330_15_56_31_Pro-1536x865.webp 1536w, https:\/\/ecopumptrack.com\/wp-content\/uploads\/2025\/02\/WP_20170330_15_56_31_Pro-2048x1153.webp 1920w, https:\/\/ecopumptrack.com\/wp-content\/uploads\/2025\/02\/WP_20170330_15_56_31_Pro-32x18.webp 32w, https:\/\/ecopumptrack.com\/wp-content\/uploads\/2025\/02\/WP_20170330_15_56_31_Pro-scaled-e1738570116740.webp 1000w\" sizes=\"auto, (max-width: 1024px) 100vw, 1024px\" \/>\t\t\t\t\t\t\t\t\t\t\t\t\t\t\t<\/p>\n<p>La nostra prima soluzione \u00e8 stata una <strong>pista pump track modulare in fibrocemento<\/strong>, sviluppata insieme a <strong>Eternit (<a href=\"https:\/\/www.swisspearl.com\/de-de\" target=\"_blank\" rel=\"noopener\">Swisspearl<\/a>)<\/strong>. Sebbene le propriet\u00e0 del materiale fossero convincenti, la produzione era troppo poco flessibile: gli stampi dovevano essere creati in fabbrica, il che limitava le opzioni di personalizzazione e i tempi di consegna.<\/p>\n<p>\t\t\t\t\t\t\t\t\t\t\t\t\t\t\t<img loading=\"lazy\" decoding=\"async\" width=\"1024\" height=\"490\" src=\"https:\/\/ecopumptrack.com\/wp-content\/uploads\/2025\/02\/Material-Tests-2-1-e1738569943183-1024x490.webp\" alt=\"Endwicklung der Fahrbahn\" srcset=\"https:\/\/ecopumptrack.com\/wp-content\/uploads\/2025\/02\/Material-Tests-2-1-e1738569943183-1024x490.webp 1024w, https:\/\/ecopumptrack.com\/wp-content\/uploads\/2025\/02\/Material-Tests-2-1-e1738569943183-600x287.webp 600w, https:\/\/ecopumptrack.com\/wp-content\/uploads\/2025\/02\/Material-Tests-2-1-e1738569943183-300x144.webp 300w, https:\/\/ecopumptrack.com\/wp-content\/uploads\/2025\/02\/Material-Tests-2-1-e1738569943183-768x368.webp 768w, https:\/\/ecopumptrack.com\/wp-content\/uploads\/2025\/02\/Material-Tests-2-1-e1738569943183-32x15.webp 32w, https:\/\/ecopumptrack.com\/wp-content\/uploads\/2025\/02\/Material-Tests-2-1-e1738569943183.webp 1513w\" sizes=\"auto, (max-width: 1024px) 100vw, 1024px\" \/>\t\t\t\t\t\t\t\t\t\t\t\t\t\t\t<\/p>\n<p>Abbiamo testato materiali alternativi come la <strong>plastica in fibra di lino PLA e il legno<\/strong>, ma nessuna di queste soluzioni soddisfaceva le nostre esigenze. Il legno, in particolare, ha rappresentato una sfida, poich\u00e9 la superficie di guida di una <strong>pista modulare<\/strong> deve essere piegata su <strong>tre assi<\/strong> per garantire transizioni fluide e caratteristiche di guida ottimali.<\/p>\n<p>\t\t\t\t\t\t\t\t\t\t\t\t\t\t\t<img loading=\"lazy\" decoding=\"async\" width=\"1024\" height=\"645\" src=\"https:\/\/ecopumptrack.com\/wp-content\/uploads\/2025\/02\/DSC07453-scaled-e1739428037753-1024x645.webp\" alt=\"Pumptrack entwicklung, Pumptrack aus Holz\" srcset=\"https:\/\/ecopumptrack.com\/wp-content\/uploads\/2025\/02\/DSC07453-scaled-e1739428037753-1024x645.webp 1024w, https:\/\/ecopumptrack.com\/wp-content\/uploads\/2025\/02\/DSC07453-scaled-e1739428037753-600x378.webp 600w, https:\/\/ecopumptrack.com\/wp-content\/uploads\/2025\/02\/DSC07453-scaled-e1739428037753-300x189.webp 300w, https:\/\/ecopumptrack.com\/wp-content\/uploads\/2025\/02\/DSC07453-scaled-e1739428037753-768x484.webp 768w, https:\/\/ecopumptrack.com\/wp-content\/uploads\/2025\/02\/DSC07453-scaled-e1739428037753-1536x968.webp 1536w, https:\/\/ecopumptrack.com\/wp-content\/uploads\/2025\/02\/DSC07453-scaled-e1739428037753.webp 1920w\" sizes=\"auto, (max-width: 1024px) 100vw, 1024px\" \/>\t\t\t\t\t\t\t\t\t\t\t\t\t\t\t<\/p>\n<p>Poi abbiamo fatto una scoperta fondamentale: la <strong>plastica riciclata<\/strong>.<\/p>\n<p>Questo materiale offre tutte le propriet\u00e0 che una <strong style=\"color: var( --e-global-color-text ); font-family: var( --e-global-typography-text-font-family ), Sans-serif; text-align: var(--text-align); background-color: transparent;\">una pista pump track di alta qualit\u00e0, sicura ed ecologica<\/strong> ha bisogno:<\/p>\n<ul>\n<li><strong>Facile da modellare<\/strong> &#8211; consente transizioni morbide senza bordi duri.<\/li>\n<li><strong>Durevole e resistente agli agenti atmosferici<\/strong> &#8211; per un uso prolungato all&#8217;aperto.<\/li>\n<li><strong>Resistenza allo scivolamento ottimale<\/strong>: aderenza sufficiente anche sotto la pioggia, senza il rischio di gravi abrasioni.<\/li>\n<li><strong>Assorbente<\/strong> &#8211; riduce il rischio di lesioni in caso di caduta.<\/li>\n<li><strong>Utilizzo sostenibile delle risorse<\/strong>: invece di essere incenerita, la plastica riceve una seconda vita.<\/li>\n<\/ul>\n<p>\t\t\t\t\t\t\t\t\t\t\t\t\t\t\t<img loading=\"lazy\" decoding=\"async\" width=\"800\" height=\"600\" src=\"https:\/\/ecopumptrack.com\/wp-content\/uploads\/2025\/02\/Leifers5.webp\" alt=\"Ecopumptrack Leifers\" srcset=\"https:\/\/ecopumptrack.com\/wp-content\/uploads\/2025\/02\/Leifers5.webp 800w, https:\/\/ecopumptrack.com\/wp-content\/uploads\/2025\/02\/Leifers5-600x450.webp 600w, https:\/\/ecopumptrack.com\/wp-content\/uploads\/2025\/02\/Leifers5-300x225.webp 300w, https:\/\/ecopumptrack.com\/wp-content\/uploads\/2025\/02\/Leifers5-768x576.webp 768w\" sizes=\"auto, (max-width: 800px) 100vw, 800px\" \/>\t\t\t\t\t\t\t\t\t\t\t\t\t\t\t<\/p>\n<h2>Geometria perfetta per il massimo del divertimento e della sicurezza<\/h2>\n<p>Insieme a <strong>guide ciclistiche, costruttori di sentieri e corridori di pump track<\/strong>, abbiamo sviluppato la forma ottimale per il nostro <strong>pump track modulare<\/strong>. Una caratteristica fondamentale per la sicurezza \u00e8 il design delle pareti laterali: invece di cadere a picco, scendono <strong>dolcemente verso il basso<\/strong>. In questo modo si crea un maggiore senso di sicurezza e si mantiene il pump track interessante sia per i principianti che per i pi\u00f9 esperti.<\/p>\n<p>\t\t\t\t\t\t\t\t\t\t\t\t\t\t\t<img loading=\"lazy\" decoding=\"async\" width=\"768\" height=\"1024\" src=\"https:\/\/ecopumptrack.com\/wp-content\/uploads\/2025\/02\/Brixen-mobiler-Pumptrack6-768x1024.webp\" alt=\"Kurve Pumptrack in Brixen\" srcset=\"https:\/\/ecopumptrack.com\/wp-content\/uploads\/2025\/02\/Brixen-mobiler-Pumptrack6-768x1024.webp 768w, https:\/\/ecopumptrack.com\/wp-content\/uploads\/2025\/02\/Brixen-mobiler-Pumptrack6-600x800.webp 600w, https:\/\/ecopumptrack.com\/wp-content\/uploads\/2025\/02\/Brixen-mobiler-Pumptrack6-225x300.webp 225w, https:\/\/ecopumptrack.com\/wp-content\/uploads\/2025\/02\/Brixen-mobiler-Pumptrack6.webp 800w\" sizes=\"auto, (max-width: 768px) 100vw, 768px\" \/>\t\t\t\t\t\t\t\t\t\t\t\t\t\t\t<\/p>\n<p>Grazie alla speciale struttura superficiale del nostro materiale, siamo riusciti a ottenere un ulteriore vantaggio: L&#8217;ammortizzazione leggera assorbe gli urti, riducendo ulteriormente il rischio di lesioni e migliorando il comfort di guida.<\/p>\n<p>\t\t\t\t\t\t\t\t\t\t\t\t\t\t\t<img loading=\"lazy\" decoding=\"async\" width=\"768\" height=\"1024\" src=\"https:\/\/ecopumptrack.com\/wp-content\/uploads\/2025\/02\/BildPumptrack-Oberflaeche-1-768x1024.jpg\" alt=\"\" srcset=\"https:\/\/ecopumptrack.com\/wp-content\/uploads\/2025\/02\/BildPumptrack-Oberflaeche-1-768x1024.jpg 768w, https:\/\/ecopumptrack.com\/wp-content\/uploads\/2025\/02\/BildPumptrack-Oberflaeche-1-225x300.jpg 225w, https:\/\/ecopumptrack.com\/wp-content\/uploads\/2025\/02\/BildPumptrack-Oberflaeche-1-1152x1536.jpg 1152w, https:\/\/ecopumptrack.com\/wp-content\/uploads\/2025\/02\/BildPumptrack-Oberflaeche-1-600x800.jpg 600w, https:\/\/ecopumptrack.com\/wp-content\/uploads\/2025\/02\/BildPumptrack-Oberflaeche-1.jpg 1200w\" sizes=\"auto, (max-width: 768px) 100vw, 768px\" \/>\t\t\t\t\t\t\t\t\t\t\t\t\t\t\t<\/p>\n<h2>Ecopumptrack &#8211; La pista di pump track mobile per comunit\u00e0, scuole ed eventi<\/h2>\n<p>La nostra <strong>pista modulare<\/strong> non \u00e8 solo un&#8217;alternativa ecologica ai sistemi tradizionali, ma anche una <strong>soluzione flessibile ed economica<\/strong> per i comuni, le scuole e gli organizzatori di eventi che desiderano <strong>acquistare<\/strong> o noleggiare una <strong>pista<\/strong>.<\/p>\n<p>Poich\u00e9 la nostra <strong>pista mobile pump track<\/strong> \u00e8 realizzata in plastica riciclata, contribuisce attivamente alla <strong>riduzione dei rifiuti di plastica<\/strong>. Stiamo anche lavorando a una soluzione di ritiro sostenibile: se una pista pump track non \u00e8 pi\u00f9 necessaria, i moduli possono essere restituiti e riciclati.<\/p>\n<p>Il materiale rimanente \u00e8 gi\u00e0 stato trasformato in nuove piste pumptrack.<\/p>\n<p>\t\t\t\t\t\t\t\t\t\t\t\t\t\t\t<img loading=\"lazy\" decoding=\"async\" width=\"1024\" height=\"681\" src=\"https:\/\/ecopumptrack.com\/wp-content\/uploads\/2025\/02\/mobiler-pumptrack_2-2-1024x681.webp\" alt=\"Fotoshooting in Recycling\" srcset=\"https:\/\/ecopumptrack.com\/wp-content\/uploads\/2025\/02\/mobiler-pumptrack_2-2-1024x681.webp 1024w, https:\/\/ecopumptrack.com\/wp-content\/uploads\/2025\/02\/mobiler-pumptrack_2-2-300x200.webp 300w, https:\/\/ecopumptrack.com\/wp-content\/uploads\/2025\/02\/mobiler-pumptrack_2-2-768x511.webp 768w, https:\/\/ecopumptrack.com\/wp-content\/uploads\/2025\/02\/mobiler-pumptrack_2-2-1536x1021.webp 1536w, https:\/\/ecopumptrack.com\/wp-content\/uploads\/2025\/02\/mobiler-pumptrack_2-2-600x399.webp 600w, https:\/\/ecopumptrack.com\/wp-content\/uploads\/2025\/02\/mobiler-pumptrack_2-2.webp 2000w\" sizes=\"auto, (max-width: 1024px) 100vw, 1024px\" \/>\t\t\t\t\t\t\t\t\t\t\t\t\t\t\t<\/p>\n<p>Il nostro obiettivo \u00e8 rendere <strong>Ecopumptrack<\/strong> disponibile <strong>in tutto il mondo<\/strong>, come <strong>soluzione innovativa, sostenibile e sicura<\/strong> per gli sport su pista.<\/p>\n<p><strong>Ecopumptrack \u00e8 sinonimo di divertimento, sicurezza e rispetto per l&#8217;ambiente e offre alle comunit\u00e0 un&#8217;opportunit\u00e0 pionieristica di realizzare una pista pump track economica con la massima flessibilit\u00e0.<\/strong><\/p>\n<p>Scopri i nostri <strong>binari pump track sostenibili<\/strong> in vari modelli standard: modulari, durevoli e flessibili nell&#8217;uso. Scopri subito di pi\u00f9 e <strong>acquista<\/strong> il <strong>pump track<\/strong> giusto!<\/p>\n<p>\t\t\t\t\t<a href=\"https:\/\/ecopumptrack.com\/it\/le-nostre-piste-pump-track\/\"><br \/>\n\t\t\t\t\t\t\t\t\tEcco i nostri modelli standard<br \/>\n\t\t\t\t\t<\/a><\/p>\n","protected":false},"excerpt":{"rendered":"<p>Lo sviluppo della pista modulare Ecopumptrack La nostra missione e la nostra storia L&#8217;idea di Ecopumptrack nasce dalla convinzione che sia possibile realizzare una pista pumptrack modulare: sicura, sostenibile ed economica. Le piste modulari erano gi\u00e0 presenti sul mercato prima che fondassimo l&#8217;azienda, ma erano per lo pi\u00f9 realizzate in fibra di vetro, un materiale&#8230;<\/p>\n","protected":false},"author":1,"featured_media":3466,"parent":0,"menu_order":0,"comment_status":"closed","ping_status":"closed","template":"elementor_theme","meta":{"_kadence_starter_templates_imported_post":false,"_kad_post_transparent":"","_kad_post_title":"","_kad_post_layout":"fullwidth","_kad_post_sidebar_id":"","_kad_post_content_style":"","_kad_post_vertical_padding":"","_kad_post_feature":"","_kad_post_feature_position":"","_kad_post_header":false,"_kad_post_footer":false,"_kad_post_classname":"","footnotes":""},"class_list":["post-3599","page","type-page","status-publish","has-post-thumbnail","hentry"],"_links":{"self":[{"href":"https:\/\/ecopumptrack.com\/it\/wp-json\/wp\/v2\/pages\/3599","targetHints":{"allow":["GET"]}}],"collection":[{"href":"https:\/\/ecopumptrack.com\/it\/wp-json\/wp\/v2\/pages"}],"about":[{"href":"https:\/\/ecopumptrack.com\/it\/wp-json\/wp\/v2\/types\/page"}],"author":[{"embeddable":true,"href":"https:\/\/ecopumptrack.com\/it\/wp-json\/wp\/v2\/users\/1"}],"replies":[{"embeddable":true,"href":"https:\/\/ecopumptrack.com\/it\/wp-json\/wp\/v2\/comments?post=3599"}],"version-history":[{"count":18,"href":"https:\/\/ecopumptrack.com\/it\/wp-json\/wp\/v2\/pages\/3599\/revisions"}],"predecessor-version":[{"id":3870,"href":"https:\/\/ecopumptrack.com\/it\/wp-json\/wp\/v2\/pages\/3599\/revisions\/3870"}],"wp:featuredmedia":[{"embeddable":true,"href":"https:\/\/ecopumptrack.com\/it\/wp-json\/wp\/v2\/media\/3466"}],"wp:attachment":[{"href":"https:\/\/ecopumptrack.com\/it\/wp-json\/wp\/v2\/media?parent=3599"}],"curies":[{"name":"wp","href":"https:\/\/api.w.org\/{rel}","templated":true}]}}