{"id":3650,"date":"2025-02-03T14:57:50","date_gmt":"2025-02-03T14:57:50","guid":{"rendered":"https:\/\/ecopumptrack.com\/product\/vaduz\/"},"modified":"2025-10-22T12:31:12","modified_gmt":"2025-10-22T12:31:12","slug":"vaduz","status":"publish","type":"product","link":"https:\/\/ecopumptrack.com\/it\/product\/vaduz\/","title":{"rendered":"VADUZ"},"content":{"rendered":"<div class=\"elementor-element elementor-element-3c41a13 elementor-widget elementor-widget-text-editor\" data-id=\"3c41a13\" data-element_type=\"widget\" data-widget_type=\"text-editor.default\">\n<div class=\"elementor-widget-container\">\n<p><strong style=\"font-family: var(--global-body-font-family);\">Lunghezza della carreggiata<\/strong><\/p>\n<\/div>\n<\/div>\n<div class=\"elementor-element elementor-element-dad7fec elementor-widget elementor-widget-text-editor\" data-id=\"dad7fec\" data-element_type=\"widget\" data-widget_type=\"text-editor.default\">\n<div class=\"elementor-widget-container\">\n<p>37m<\/p>\n<p><strong>Numero di segmenti<\/strong><br \/>\n38<\/p>\n<p><strong>Superficie<\/strong><br \/>\ncirca 7m x 16m<\/p>\n<p><strong>Peso totale<\/strong><br \/>\ncirca 1900kg<\/p>\n<\/div>\n<\/div>\n","protected":false},"excerpt":{"rendered":"<p>Il nostro modello di pista modulare pi\u00f9 piccolo ed estremamente popolare \u00e8 la scelta ideale per i principianti e per le aree pi\u00f9 piccole. Grazie al suo design compatto, questa pista mobile pu\u00f2 essere allestita in modo flessibile ed \u00e8 perfetta per scuole, club o spazi pubblici. Nonostante le sue dimensioni ridotte, offre il massimo divertimento di guida e promuove la destrezza e il senso dell&#8217;equilibrio.  <\/p>\n","protected":false},"featured_media":3530,"template":"","meta":{"_kadence_starter_templates_imported_post":false,"_kad_post_transparent":"","_kad_post_title":"","_kad_post_layout":"","_kad_post_sidebar_id":"","_kad_post_content_style":"","_kad_post_vertical_padding":"","_kad_post_feature":"","_kad_post_feature_position":"","_kad_post_header":false,"_kad_post_footer":false,"_kad_post_classname":""},"product_brand":[],"product_cat":[137],"product_tag":[],"class_list":{"0":"post-3650","1":"product","2":"type-product","3":"status-publish","4":"has-post-thumbnail","6":"product_cat-pista-di-pompaggio-standard","8":"first","9":"instock","10":"shipping-taxable","11":"product-type-simple","12":"entry","13":"content-bg","14":"loop-entry"},"_links":{"self":[{"href":"https:\/\/ecopumptrack.com\/it\/wp-json\/wp\/v2\/product\/3650","targetHints":{"allow":["GET"]}}],"collection":[{"href":"https:\/\/ecopumptrack.com\/it\/wp-json\/wp\/v2\/product"}],"about":[{"href":"https:\/\/ecopumptrack.com\/it\/wp-json\/wp\/v2\/types\/product"}],"wp:featuredmedia":[{"embeddable":true,"href":"https:\/\/ecopumptrack.com\/it\/wp-json\/wp\/v2\/media\/3530"}],"wp:attachment":[{"href":"https:\/\/ecopumptrack.com\/it\/wp-json\/wp\/v2\/media?parent=3650"}],"wp:term":[{"taxonomy":"product_brand","embeddable":true,"href":"https:\/\/ecopumptrack.com\/it\/wp-json\/wp\/v2\/product_brand?post=3650"},{"taxonomy":"product_cat","embeddable":true,"href":"https:\/\/ecopumptrack.com\/it\/wp-json\/wp\/v2\/product_cat?post=3650"},{"taxonomy":"product_tag","embeddable":true,"href":"https:\/\/ecopumptrack.com\/it\/wp-json\/wp\/v2\/product_tag?post=3650"}],"curies":[{"name":"wp","href":"https:\/\/api.w.org\/{rel}","templated":true}]}}