{"id":3654,"date":"2025-02-05T17:34:32","date_gmt":"2025-02-05T17:34:32","guid":{"rendered":"https:\/\/ecopumptrack.com\/product\/oslo\/"},"modified":"2026-02-21T15:42:15","modified_gmt":"2026-02-21T15:42:15","slug":"oslo","status":"publish","type":"product","link":"https:\/\/ecopumptrack.com\/it\/product\/oslo\/","title":{"rendered":"OSLO"},"content":{"rendered":"<p><strong>Lunghezza della carreggiata<\/strong><br \/>\n47m<\/p>\n<p><strong>Numero di segmenti<\/strong><br \/>\n48<\/p>\n<p><strong>Area<\/strong><br \/>\ncirca 17m x 15m<\/p>\n<p><strong>Peso totale<\/strong><br \/>\ncirca 2400kg<\/p>\n","protected":false},"excerpt":{"rendered":"<p>La pista modulare Oslo \u00e8 caratterizzata da un tracciato uniforme con curve coordinate. L&#8217;obiettivo \u00e8 trovare il ritmo perfetto per aumentare la velocit\u00e0 a ogni onda. Questa pista mobile offre una sfida entusiasmante per tutte le fasce d&#8217;et\u00e0 e promuove il senso del flusso e della tecnica. Ordina subito la pista e crea un&#8217;attrazione dinamica per il tempo libero!   <\/p>\n","protected":false},"featured_media":3528,"template":"","meta":{"_kadence_starter_templates_imported_post":false,"_kad_post_transparent":"","_kad_post_title":"","_kad_post_layout":"","_kad_post_sidebar_id":"","_kad_post_content_style":"","_kad_post_vertical_padding":"","_kad_post_feature":"","_kad_post_feature_position":"","_kad_post_header":false,"_kad_post_footer":false,"_kad_post_classname":""},"product_brand":[],"product_cat":[139],"product_tag":[],"class_list":{"0":"post-3654","1":"product","2":"type-product","3":"status-publish","4":"has-post-thumbnail","6":"product_cat-senza-categoria","8":"first","9":"instock","10":"shipping-taxable","11":"product-type-simple","12":"entry","13":"content-bg","14":"loop-entry"},"_links":{"self":[{"href":"https:\/\/ecopumptrack.com\/it\/wp-json\/wp\/v2\/product\/3654","targetHints":{"allow":["GET"]}}],"collection":[{"href":"https:\/\/ecopumptrack.com\/it\/wp-json\/wp\/v2\/product"}],"about":[{"href":"https:\/\/ecopumptrack.com\/it\/wp-json\/wp\/v2\/types\/product"}],"wp:featuredmedia":[{"embeddable":true,"href":"https:\/\/ecopumptrack.com\/it\/wp-json\/wp\/v2\/media\/3528"}],"wp:attachment":[{"href":"https:\/\/ecopumptrack.com\/it\/wp-json\/wp\/v2\/media?parent=3654"}],"wp:term":[{"taxonomy":"product_brand","embeddable":true,"href":"https:\/\/ecopumptrack.com\/it\/wp-json\/wp\/v2\/product_brand?post=3654"},{"taxonomy":"product_cat","embeddable":true,"href":"https:\/\/ecopumptrack.com\/it\/wp-json\/wp\/v2\/product_cat?post=3654"},{"taxonomy":"product_tag","embeddable":true,"href":"https:\/\/ecopumptrack.com\/it\/wp-json\/wp\/v2\/product_tag?post=3654"}],"curies":[{"name":"wp","href":"https:\/\/api.w.org\/{rel}","templated":true}]}}