{"id":3658,"date":"2025-02-05T17:30:49","date_gmt":"2025-02-05T17:30:49","guid":{"rendered":"https:\/\/ecopumptrack.com\/product\/madrid\/"},"modified":"2026-02-21T15:42:15","modified_gmt":"2026-02-21T15:42:15","slug":"madrid","status":"publish","type":"product","link":"https:\/\/ecopumptrack.com\/it\/product\/madrid\/","title":{"rendered":"MADRID"},"content":{"rendered":"<p><strong>Lunghezza della carreggiata<\/strong><br \/>\n50m<\/p>\n<p><strong>Numero di segmenti<\/strong><br \/>\n52<\/p>\n<p><strong>Area<\/strong><br \/>\ncirca 13m x 19m<\/p>\n<p><strong>Peso totale<\/strong><br \/>\ncirca 2600kg<\/p>\n<p>&nbsp;<\/p>\n","protected":false},"excerpt":{"rendered":"<p>La pump track modulare Madrid \u00e8 ideale per i principianti perch\u00e9 offre un design vario della pista con onde e curve fluide senza essere troppo veloce. Grazie al suo design ben studiato, offre un&#8217;esperienza di guida sicura e divertente per tutte le et\u00e0. Come tutti i modelli Ecopumptrack, \u00e8 realizzata con materiali riciclati ed \u00e8 espandibile in modo modulare.  <\/p>\n<p>Acquista subito la pista pumptrack e crea un&#8217;attrazione sostenibile per il tempo libero!<\/p>\n","protected":false},"featured_media":3526,"template":"","meta":{"_kadence_starter_templates_imported_post":false,"_kad_post_transparent":"","_kad_post_title":"","_kad_post_layout":"","_kad_post_sidebar_id":"","_kad_post_content_style":"","_kad_post_vertical_padding":"","_kad_post_feature":"","_kad_post_feature_position":"","_kad_post_header":false,"_kad_post_footer":false,"_kad_post_classname":""},"product_brand":[],"product_cat":[139],"product_tag":[],"class_list":{"0":"post-3658","1":"product","2":"type-product","3":"status-publish","4":"has-post-thumbnail","6":"product_cat-senza-categoria","8":"first","9":"instock","10":"shipping-taxable","11":"product-type-simple","12":"entry","13":"content-bg","14":"loop-entry"},"_links":{"self":[{"href":"https:\/\/ecopumptrack.com\/it\/wp-json\/wp\/v2\/product\/3658","targetHints":{"allow":["GET"]}}],"collection":[{"href":"https:\/\/ecopumptrack.com\/it\/wp-json\/wp\/v2\/product"}],"about":[{"href":"https:\/\/ecopumptrack.com\/it\/wp-json\/wp\/v2\/types\/product"}],"wp:featuredmedia":[{"embeddable":true,"href":"https:\/\/ecopumptrack.com\/it\/wp-json\/wp\/v2\/media\/3526"}],"wp:attachment":[{"href":"https:\/\/ecopumptrack.com\/it\/wp-json\/wp\/v2\/media?parent=3658"}],"wp:term":[{"taxonomy":"product_brand","embeddable":true,"href":"https:\/\/ecopumptrack.com\/it\/wp-json\/wp\/v2\/product_brand?post=3658"},{"taxonomy":"product_cat","embeddable":true,"href":"https:\/\/ecopumptrack.com\/it\/wp-json\/wp\/v2\/product_cat?post=3658"},{"taxonomy":"product_tag","embeddable":true,"href":"https:\/\/ecopumptrack.com\/it\/wp-json\/wp\/v2\/product_tag?post=3658"}],"curies":[{"name":"wp","href":"https:\/\/api.w.org\/{rel}","templated":true}]}}