{"id":3660,"date":"2025-02-05T17:23:14","date_gmt":"2025-02-05T17:23:14","guid":{"rendered":"https:\/\/ecopumptrack.com\/product\/lussemburgo\/"},"modified":"2026-02-12T08:21:21","modified_gmt":"2026-02-12T08:21:21","slug":"lussemburgo","status":"publish","type":"product","link":"https:\/\/ecopumptrack.com\/it\/product\/lussemburgo\/","title":{"rendered":"LUSSEMBURGO"},"content":{"rendered":"<div class=\"elementor-element elementor-element-3c41a13 elementor-widget elementor-widget-text-editor\" data-id=\"3c41a13\" data-element_type=\"widget\" data-widget_type=\"text-editor.default\">\n<div class=\"elementor-widget-container\">\n<p><strong>Lunghezza della carreggiata<\/strong><br \/>\n43m<\/p>\n<p><strong>Numero di segmenti<\/strong><br \/>\n44<\/p>\n<p><strong>Area<\/strong><br \/>\ncirca 7m x 19m<\/p>\n<p><strong>Peso totale<\/strong><br \/>\ncirca 2200kg<\/p>\n<\/div>\n<\/div>\n","protected":false},"excerpt":{"rendered":"<p>La pista modulare Luxembourg \u00e8 la scelta ideale per le aree pi\u00f9 piccole e per i principianti, ma offre ancora pi\u00f9 velocit\u00e0 e dinamica grazie a due onde aggiuntive. Il suo design compatto consente un allestimento flessibile, perfetto per scuole, club o spazi pubblici. Nonostante le sue dimensioni maneggevoli, questa pista mobile garantisce il massimo divertimento e promuove l&#8217;abilit\u00e0 e il senso dell&#8217;equilibrio.  <\/p>\n<p>Acquista subito la pista pumptrack e crea un&#8217;attrazione emozionante per tutte le et\u00e0!<\/p>\n","protected":false},"featured_media":3524,"template":"","meta":{"_kadence_starter_templates_imported_post":false,"_kad_post_transparent":"","_kad_post_title":"","_kad_post_layout":"","_kad_post_sidebar_id":"","_kad_post_content_style":"","_kad_post_vertical_padding":"","_kad_post_feature":"","_kad_post_feature_position":"","_kad_post_header":false,"_kad_post_footer":false,"_kad_post_classname":""},"product_brand":[],"product_cat":[137],"product_tag":[],"class_list":{"0":"post-3660","1":"product","2":"type-product","3":"status-publish","4":"has-post-thumbnail","6":"product_cat-pista-di-pompaggio-standard","8":"first","9":"instock","10":"shipping-taxable","11":"product-type-simple","12":"entry","13":"content-bg","14":"loop-entry"},"_links":{"self":[{"href":"https:\/\/ecopumptrack.com\/it\/wp-json\/wp\/v2\/product\/3660","targetHints":{"allow":["GET"]}}],"collection":[{"href":"https:\/\/ecopumptrack.com\/it\/wp-json\/wp\/v2\/product"}],"about":[{"href":"https:\/\/ecopumptrack.com\/it\/wp-json\/wp\/v2\/types\/product"}],"wp:featuredmedia":[{"embeddable":true,"href":"https:\/\/ecopumptrack.com\/it\/wp-json\/wp\/v2\/media\/3524"}],"wp:attachment":[{"href":"https:\/\/ecopumptrack.com\/it\/wp-json\/wp\/v2\/media?parent=3660"}],"wp:term":[{"taxonomy":"product_brand","embeddable":true,"href":"https:\/\/ecopumptrack.com\/it\/wp-json\/wp\/v2\/product_brand?post=3660"},{"taxonomy":"product_cat","embeddable":true,"href":"https:\/\/ecopumptrack.com\/it\/wp-json\/wp\/v2\/product_cat?post=3660"},{"taxonomy":"product_tag","embeddable":true,"href":"https:\/\/ecopumptrack.com\/it\/wp-json\/wp\/v2\/product_tag?post=3660"}],"curies":[{"name":"wp","href":"https:\/\/api.w.org\/{rel}","templated":true}]}}