{"id":7865,"date":"2025-11-03T08:33:17","date_gmt":"2025-11-03T08:33:17","guid":{"rendered":"https:\/\/ecopumptrack.com\/blog\/"},"modified":"2026-01-23T07:04:50","modified_gmt":"2026-01-23T07:04:50","slug":"blog","status":"publish","type":"page","link":"https:\/\/ecopumptrack.com\/pl\/blog\/","title":{"rendered":"Blog"},"content":{"rendered":"\n<div class=\"wp-block-cover alignfull\" style=\"margin-top:0;margin-bottom:0;padding-top:3%;padding-right:0%;padding-bottom:10%;padding-left:5%;min-height:440px;aspect-ratio:unset;\"><span aria-hidden=\"true\" class=\"wp-block-cover__background has-theme-palette-2-background-color has-background-dim-30 has-background-dim\"><\/span><img loading=\"lazy\" decoding=\"async\" width=\"1920\" height=\"2560\" class=\"wp-block-cover__image-background wp-image-5862\" alt=\"\" src=\"https:\/\/ecopumptrack.com\/wp-content\/uploads\/2025\/11\/image00015-scaled.jpeg\" data-object-fit=\"cover\" srcset=\"https:\/\/ecopumptrack.com\/wp-content\/uploads\/2025\/11\/image00015-scaled.jpeg 1920w, https:\/\/ecopumptrack.com\/wp-content\/uploads\/2025\/11\/image00015-225x300.jpeg 225w, https:\/\/ecopumptrack.com\/wp-content\/uploads\/2025\/11\/image00015-768x1024.jpeg 768w, https:\/\/ecopumptrack.com\/wp-content\/uploads\/2025\/11\/image00015-1152x1536.jpeg 1152w, https:\/\/ecopumptrack.com\/wp-content\/uploads\/2025\/11\/image00015-1536x2048.jpeg 1536w, https:\/\/ecopumptrack.com\/wp-content\/uploads\/2025\/11\/image00015-600x800.jpeg 600w\" sizes=\"auto, (max-width: 1920px) 100vw, 1920px\" \/><div class=\"wp-block-cover__inner-container is-layout-flow wp-block-cover-is-layout-flow\">\n<p><\/p>\n\n\n\n<h3 class=\"wp-block-heading has-theme-palette-3-color has-text-color has-link-color has-xxlarge-font-size wp-elements-179ad7220647f58447554812d742eca9\">Blog<\/h3>\n\n\n\n<h2 class=\"wp-block-heading has-theme-palette-3-color has-text-color has-link-color wp-elements-3d0a8fe06bb0dcd9bdbc4ba21d40c9ea\">Wszystko o naszych projektach i lokalizacjach.<\/h2>\n\n\n\n<div class=\"wp-block-buttons is-layout-flex wp-block-buttons-is-layout-flex\" style=\"margin-top:var(--wp--preset--spacing--30);margin-bottom:var(--wp--preset--spacing--30)\">\n<div class=\"wp-block-button has-custom-font-size is-style-fill has-medium-font-size\"><a class=\"wp-block-button__link has-theme-palette-2-color has-theme-palette-1-background-color has-text-color has-background has-link-color has-text-align-center wp-element-button\" href=\"https:\/\/ecopumptrack.com\/contact\/\" style=\"border-style:none;border-width:0px;border-radius:10px\">Skontaktuj si\u0119 z nami  <\/a><\/div>\n<\/div>\n<\/div><\/div>\n<style>.kb-posts-id-5817_c86f67-f3 .entry.loop-entry .entry-header .entry-title{font-size:var(--global-kb-font-size-lg, 2rem);}.kb-posts-id-5817_c86f67-f3 .kb-post-list-item{display:grid;}<\/style><ul class=\"wp-block-kadence-posts kb-posts kadence-posts-list kb-posts-id-5817_c86f67-f3 content-wrap grid-cols kb-posts-style-boxed grid-sm-col-2 grid-lg-col-3 item-image-style-above\"><li class=\"kb-post-list-item\">\n\t<article class=\"entry content-bg loop-entry post-8110 post type-post status-publish format-standard hentry category-blog\">\n\t\t\t\t<div class=\"entry-content-wrap\">\n\t\t\t<header class=\"entry-header\">\n\t<h3 class=\"entry-title\"><a href=\"https:\/\/ecopumptrack.com\/pl\/jestesmy-na-targach-fahrrad-essen-2026\/\" rel=\"bookmark\">Jeste\u015bmy na targach Fahrrad Essen 2026!<\/a><\/h3>\t<div class=\"entry-meta entry-meta-divider-dot\">\n\t\t\t\t<span class=\"posted-on\">\n\t\t\t\t<time class=\"entry-date published\" datetime=\"2026-01-23T15:08:11+00:00\">2026-01-23<\/time><time class=\"updated\" datetime=\"2026-01-23T15:14:48+00:00\">2026-01-23<\/time>\t\t\t<\/span>\n\t\t\t\t<\/div><!-- .entry-meta -->\n\t<\/header><!-- .entry-header -->\n\t<div class=\"entry-summary\">\n\t\t<p>Cieszymy si\u0119, \u017ce w tym roku b\u0119dziemy wystawia\u0107 si\u0119 na targach Fahrrad Essen! Od 26 lutego do 1 marca 2026 r. b\u0119dzie mo\u017cna nas znale\u017a\u0107 w Essen &#8211; z ustawionym Ecopumptrack w hali 5 do test\u00f3w. Do\u015bwiadcz toru pump track &#8211; nie tylko na niego patrzNa torze pump track trzeba je\u017adzi\u0107, aby naprawd\u0119 go zrozumie\u0107&#8230;.<\/p>\n\t<\/div><!-- .entry-summary -->\n\t<footer class=\"entry-footer\">\n\t\t\t<div class=\"entry-actions\">\n\t\t\t<p class=\"more-link-wrap\">\n\t\t\t\t<a href=\"https:\/\/ecopumptrack.com\/pl\/jestesmy-na-targach-fahrrad-essen-2026\/\" class=\"post-more-link\">\n\t\t\t\t\tDowiedz si\u0119 wi\u0119cej<span class=\"screen-reader-text\"> Jeste\u015bmy na targach Fahrrad Essen 2026!<\/span><span class=\"kadence-svg-iconset svg-baseline\"><svg aria-hidden=\"true\" class=\"kadence-svg-icon kadence-arrow-right-alt-svg\" fill=\"currentColor\" version=\"1.1\" xmlns=\"http:\/\/www.w3.org\/2000\/svg\" width=\"27\" height=\"28\" viewBox=\"0 0 27 28\"><title>Kontynuuj<\/title><path d=\"M27 13.953c0 0.141-0.063 0.281-0.156 0.375l-6 5.531c-0.156 0.141-0.359 0.172-0.547 0.094-0.172-0.078-0.297-0.25-0.297-0.453v-3.5h-19.5c-0.281 0-0.5-0.219-0.5-0.5v-3c0-0.281 0.219-0.5 0.5-0.5h19.5v-3.5c0-0.203 0.109-0.375 0.297-0.453s0.391-0.047 0.547 0.078l6 5.469c0.094 0.094 0.156 0.219 0.156 0.359v0z\"><\/path>\n\t\t\t<\/svg><\/span>\t\t\t\t<\/a>\n\t\t\t<\/p>\n\t\t<\/div><!-- .entry-actions -->\n\t\t<\/footer><!-- .entry-footer -->\t\t<\/div>\n\t<\/article>\n<\/li>\n<li class=\"kb-post-list-item\">\n\t<article class=\"entry content-bg loop-entry post-7843 post type-post status-publish format-standard hentry category-blog\">\n\t\t\t\t<div class=\"entry-content-wrap\">\n\t\t\t<header class=\"entry-header\">\n\t<h3 class=\"entry-title\"><a href=\"https:\/\/ecopumptrack.com\/pl\/ecopumptrack-jako-sprzet-do-zabawy\/\" rel=\"bookmark\">Ecopumptrack jako sprz\u0119t do zabawy<\/a><\/h3>\t<div class=\"entry-meta entry-meta-divider-dot\">\n\t\t\t\t<span class=\"posted-on\">\n\t\t\t\t<time class=\"entry-date published\" datetime=\"2025-12-03T13:54:33+00:00\">2025-12-03<\/time><time class=\"updated\" datetime=\"2026-01-23T07:04:50+00:00\">2026-01-23<\/time>\t\t\t<\/span>\n\t\t\t\t<\/div><!-- .entry-meta -->\n\t<\/header><!-- .entry-header -->\n\t<div class=\"entry-summary\">\n\t\t<p>Przysz\u0142o\u015b\u0107 plac\u00f3w zabaw nabiera rozp\u0119du! Kiedy my\u015blimy o placach zabaw, zwykle widzimy tylko hu\u015btawki, zje\u017cd\u017calnie i hu\u015btawk\u0119. Ale nasze place zabaw ewoluuj\u0105. Dzi\u015b, podobnie jak w przesz\u0142o\u015bci, dzieci pragn\u0105 przede wszystkim jednej rzeczy: ruchu, p\u0142ynno\u015bci i przygody. I w\u0142a\u015bnie w tym miejscu do gry wkracza pump track. Sprz\u0119t do zabawy, kt\u00f3ry potrafi wi\u0119cej ni\u017c tylko&#8230;<\/p>\n\t<\/div><!-- .entry-summary -->\n\t<footer class=\"entry-footer\">\n\t\t\t<div class=\"entry-actions\">\n\t\t\t<p class=\"more-link-wrap\">\n\t\t\t\t<a href=\"https:\/\/ecopumptrack.com\/pl\/ecopumptrack-jako-sprzet-do-zabawy\/\" class=\"post-more-link\">\n\t\t\t\t\tDowiedz si\u0119 wi\u0119cej<span class=\"screen-reader-text\"> Ecopumptrack jako sprz\u0119t do zabawy<\/span><span class=\"kadence-svg-iconset svg-baseline\"><svg aria-hidden=\"true\" class=\"kadence-svg-icon kadence-arrow-right-alt-svg\" fill=\"currentColor\" version=\"1.1\" xmlns=\"http:\/\/www.w3.org\/2000\/svg\" width=\"27\" height=\"28\" viewBox=\"0 0 27 28\"><title>Kontynuuj<\/title><path d=\"M27 13.953c0 0.141-0.063 0.281-0.156 0.375l-6 5.531c-0.156 0.141-0.359 0.172-0.547 0.094-0.172-0.078-0.297-0.25-0.297-0.453v-3.5h-19.5c-0.281 0-0.5-0.219-0.5-0.5v-3c0-0.281 0.219-0.5 0.5-0.5h19.5v-3.5c0-0.203 0.109-0.375 0.297-0.453s0.391-0.047 0.547 0.078l6 5.469c0.094 0.094 0.156 0.219 0.156 0.359v0z\"><\/path>\n\t\t\t<\/svg><\/span>\t\t\t\t<\/a>\n\t\t\t<\/p>\n\t\t<\/div><!-- .entry-actions -->\n\t\t<\/footer><!-- .entry-footer -->\t\t<\/div>\n\t<\/article>\n<\/li>\n<li class=\"kb-post-list-item\">\n\t<article class=\"entry content-bg loop-entry post-7855 post type-post status-publish format-standard hentry category-blog tag-plac-zabaw-roth tag-pump-track-roth\">\n\t\t\t\t<div class=\"entry-content-wrap\">\n\t\t\t<header class=\"entry-header\">\n\t<h3 class=\"entry-title\"><a href=\"https:\/\/ecopumptrack.com\/pl\/nowy-ecopumptrack-w-roth\/\" rel=\"bookmark\">Nowy Ecopumptrack w Roth<\/a><\/h3>\t<div class=\"entry-meta entry-meta-divider-dot\">\n\t\t\t\t<span class=\"posted-on\">\n\t\t\t\t<time class=\"entry-date published\" datetime=\"2025-11-03T08:12:00+00:00\">2025-11-03<\/time><time class=\"updated\" datetime=\"2026-01-23T07:04:50+00:00\">2026-01-23<\/time>\t\t\t<\/span>\n\t\t\t\t<\/div><!-- .entry-meta -->\n\t<\/header><!-- .entry-header -->\n\t<div class=\"entry-summary\">\n\t\t<p>Od teraz czas wsi\u0105\u015b\u0107 na rower, desk\u0119 lub hulajnog\u0119! Nasz nowy tor Ecopumptrack w Roth zosta\u0142 uruchomiony i oferuje zabaw\u0119 dla m\u0142odszych i starszych. Niezale\u017cnie od tego, czy jeste\u015b pocz\u0105tkuj\u0105cym, czy profesjonalist\u0105 &#8211; tutaj mo\u017cesz sprawdzi\u0107 swoje umiej\u0119tno\u015bci, poprawi\u0107 kondycj\u0119 i po prostu dobrze si\u0119 bawi\u0107.Przyjd\u017a i wypr\u00f3buj tor!<\/p>\n\t<\/div><!-- .entry-summary -->\n\t<footer class=\"entry-footer\">\n\t\t\t<div class=\"entry-actions\">\n\t\t\t<p class=\"more-link-wrap\">\n\t\t\t\t<a href=\"https:\/\/ecopumptrack.com\/pl\/nowy-ecopumptrack-w-roth\/\" class=\"post-more-link\">\n\t\t\t\t\tDowiedz si\u0119 wi\u0119cej<span class=\"screen-reader-text\"> Nowy Ecopumptrack w Roth<\/span><span class=\"kadence-svg-iconset svg-baseline\"><svg aria-hidden=\"true\" class=\"kadence-svg-icon kadence-arrow-right-alt-svg\" fill=\"currentColor\" version=\"1.1\" xmlns=\"http:\/\/www.w3.org\/2000\/svg\" width=\"27\" height=\"28\" viewBox=\"0 0 27 28\"><title>Kontynuuj<\/title><path d=\"M27 13.953c0 0.141-0.063 0.281-0.156 0.375l-6 5.531c-0.156 0.141-0.359 0.172-0.547 0.094-0.172-0.078-0.297-0.25-0.297-0.453v-3.5h-19.5c-0.281 0-0.5-0.219-0.5-0.5v-3c0-0.281 0.219-0.5 0.5-0.5h19.5v-3.5c0-0.203 0.109-0.375 0.297-0.453s0.391-0.047 0.547 0.078l6 5.469c0.094 0.094 0.156 0.219 0.156 0.359v0z\"><\/path>\n\t\t\t<\/svg><\/span>\t\t\t\t<\/a>\n\t\t\t<\/p>\n\t\t<\/div><!-- .entry-actions -->\n\t\t<\/footer><!-- .entry-footer -->\t\t<\/div>\n\t<\/article>\n<\/li>\n<li class=\"kb-post-list-item\">\n\t<article class=\"entry content-bg loop-entry post-7950 post type-post status-publish format-standard hentry category-blog\">\n\t\t\t\t<div class=\"entry-content-wrap\">\n\t\t\t<header class=\"entry-header\">\n\t<h3 class=\"entry-title\"><a href=\"https:\/\/ecopumptrack.com\/pl\/co-to-jest-pump-track\/\" rel=\"bookmark\">Co to jest pump track?<\/a><\/h3>\t<div class=\"entry-meta entry-meta-divider-dot\">\n\t\t\t\t<span class=\"posted-on\">\n\t\t\t\t<time class=\"entry-date published\" datetime=\"2025-02-01T15:06:25+00:00\">2025-02-01<\/time><time class=\"updated\" datetime=\"2026-01-23T07:06:54+00:00\">2026-01-23<\/time>\t\t\t<\/span>\n\t\t\t\t<\/div><!-- .entry-meta -->\n\t<\/header><!-- .entry-header -->\n\t<div class=\"entry-summary\">\n\t\t<p>Odkryj \u015bwiat mobilnych i modu\u0142owych tor\u00f3w pompowych Ecopumptrack Pump track to specjalnie zaprojektowany tor z falami i stromymi zakr\u0119tami, kt\u00f3ry pozwala rozwin\u0105\u0107 pr\u0119dko\u015b\u0107 poprzez dynamiczne ruchy cia\u0142a, bez peda\u0142owania lub pchania. Pierwotnie opracowany dla rower\u00f3w BMX i rower\u00f3w g\u00f3rskich, nowoczesny pump track nadaje si\u0119 r\u00f3wnie\u017c do rower\u00f3w biegowych, hulajn\u00f3g, deskorolek, a nawet rolek. Jazda na&#8230;<\/p>\n\t<\/div><!-- .entry-summary -->\n\t<footer class=\"entry-footer\">\n\t\t\t<div class=\"entry-actions\">\n\t\t\t<p class=\"more-link-wrap\">\n\t\t\t\t<a href=\"https:\/\/ecopumptrack.com\/pl\/co-to-jest-pump-track\/\" class=\"post-more-link\">\n\t\t\t\t\tDowiedz si\u0119 wi\u0119cej<span class=\"screen-reader-text\"> Co to jest pump track?<\/span><span class=\"kadence-svg-iconset svg-baseline\"><svg aria-hidden=\"true\" class=\"kadence-svg-icon kadence-arrow-right-alt-svg\" fill=\"currentColor\" version=\"1.1\" xmlns=\"http:\/\/www.w3.org\/2000\/svg\" width=\"27\" height=\"28\" viewBox=\"0 0 27 28\"><title>Kontynuuj<\/title><path d=\"M27 13.953c0 0.141-0.063 0.281-0.156 0.375l-6 5.531c-0.156 0.141-0.359 0.172-0.547 0.094-0.172-0.078-0.297-0.25-0.297-0.453v-3.5h-19.5c-0.281 0-0.5-0.219-0.5-0.5v-3c0-0.281 0.219-0.5 0.5-0.5h19.5v-3.5c0-0.203 0.109-0.375 0.297-0.453s0.391-0.047 0.547 0.078l6 5.469c0.094 0.094 0.156 0.219 0.156 0.359v0z\"><\/path>\n\t\t\t<\/svg><\/span>\t\t\t\t<\/a>\n\t\t\t<\/p>\n\t\t<\/div><!-- .entry-actions -->\n\t\t<\/footer><!-- .entry-footer -->\t\t<\/div>\n\t<\/article>\n<\/li>\n<\/ul>","protected":false},"excerpt":{"rendered":"","protected":false},"author":1,"featured_media":0,"parent":0,"menu_order":0,"comment_status":"closed","ping_status":"closed","template":"","meta":{"_kadence_starter_templates_imported_post":false,"_kad_post_transparent":"","_kad_post_title":"","_kad_post_layout":"","_kad_post_sidebar_id":"","_kad_post_content_style":"","_kad_post_vertical_padding":"","_kad_post_feature":"","_kad_post_feature_position":"","_kad_post_header":false,"_kad_post_footer":false,"_kad_post_classname":"","footnotes":""},"class_list":["post-7865","page","type-page","status-publish","hentry"],"_links":{"self":[{"href":"https:\/\/ecopumptrack.com\/pl\/wp-json\/wp\/v2\/pages\/7865","targetHints":{"allow":["GET"]}}],"collection":[{"href":"https:\/\/ecopumptrack.com\/pl\/wp-json\/wp\/v2\/pages"}],"about":[{"href":"https:\/\/ecopumptrack.com\/pl\/wp-json\/wp\/v2\/types\/page"}],"author":[{"embeddable":true,"href":"https:\/\/ecopumptrack.com\/pl\/wp-json\/wp\/v2\/users\/1"}],"replies":[{"embeddable":true,"href":"https:\/\/ecopumptrack.com\/pl\/wp-json\/wp\/v2\/comments?post=7865"}],"version-history":[{"count":2,"href":"https:\/\/ecopumptrack.com\/pl\/wp-json\/wp\/v2\/pages\/7865\/revisions"}],"predecessor-version":[{"id":7868,"href":"https:\/\/ecopumptrack.com\/pl\/wp-json\/wp\/v2\/pages\/7865\/revisions\/7868"}],"wp:attachment":[{"href":"https:\/\/ecopumptrack.com\/pl\/wp-json\/wp\/v2\/media?parent=7865"}],"curies":[{"name":"wp","href":"https:\/\/api.w.org\/{rel}","templated":true}]}}