{"id":7880,"date":"2022-03-04T01:46:47","date_gmt":"2022-03-04T01:46:47","guid":{"rendered":"https:\/\/ecopumptrack.com\/skontaktuj-sie-z-nami\/"},"modified":"2026-02-12T07:46:37","modified_gmt":"2026-02-12T07:46:37","slug":"skontaktuj-sie-z-nami","status":"publish","type":"page","link":"https:\/\/ecopumptrack.com\/pl\/skontaktuj-sie-z-nami\/","title":{"rendered":"Skontaktuj si\u0119 z nami"},"content":{"rendered":"\n<div class=\"wp-block-cover alignfull\" style=\"margin-top:0;margin-bottom:0;padding-top:3%;padding-right:0%;padding-bottom:10%;padding-left:5%;min-height:440px;aspect-ratio:unset;\"><span aria-hidden=\"true\" class=\"wp-block-cover__background has-theme-palette-2-background-color has-background-dim-30 has-background-dim\"><\/span><img loading=\"lazy\" decoding=\"async\" width=\"2560\" height=\"1703\" class=\"wp-block-cover__image-background wp-image-4628\" alt=\"modularer Pumptrack Kontakt\" src=\"https:\/\/ecopumptrack.com\/wp-content\/uploads\/2025\/10\/ecopumptrack-burgstall_2-scaled.jpg\" style=\"object-position:69% 57%\" data-object-fit=\"cover\" data-object-position=\"69% 57%\" srcset=\"https:\/\/ecopumptrack.com\/wp-content\/uploads\/2025\/10\/ecopumptrack-burgstall_2-scaled.jpg 2560w, https:\/\/ecopumptrack.com\/wp-content\/uploads\/2025\/10\/ecopumptrack-burgstall_2-300x200.jpg 300w, https:\/\/ecopumptrack.com\/wp-content\/uploads\/2025\/10\/ecopumptrack-burgstall_2-1024x681.jpg 1024w, https:\/\/ecopumptrack.com\/wp-content\/uploads\/2025\/10\/ecopumptrack-burgstall_2-768x511.jpg 768w, https:\/\/ecopumptrack.com\/wp-content\/uploads\/2025\/10\/ecopumptrack-burgstall_2-1536x1022.jpg 1536w, https:\/\/ecopumptrack.com\/wp-content\/uploads\/2025\/10\/ecopumptrack-burgstall_2-2048x1363.jpg 2048w, https:\/\/ecopumptrack.com\/wp-content\/uploads\/2025\/10\/ecopumptrack-burgstall_2-600x399.jpg 600w\" sizes=\"auto, (max-width: 2560px) 100vw, 2560px\" \/><div class=\"wp-block-cover__inner-container is-layout-flow wp-block-cover-is-layout-flow\">\n<p><\/p>\n\n\n\n<h3 class=\"wp-block-heading has-theme-palette-3-color has-text-color has-link-color has-xxlarge-font-size wp-elements-3fc5f309f5dbab4269931ac0216c24e1\">Skontaktuj si\u0119 z nami<\/h3>\n\n\n\n<h2 class=\"wp-block-heading has-theme-palette-3-color has-text-color has-link-color wp-elements-a542be0f072b8b6bf5e2c095937fd35f\">Jeste\u015b zainteresowany Ecopumptrack? Czekamy na wiadomo\u015b\u0107 od Ciebie. <\/h2>\n<\/div><\/div>\n<style>.kb-row-layout-id68_4587ec-1a > .kt-row-column-wrap{align-content:start;}:where(.kb-row-layout-id68_4587ec-1a > .kt-row-column-wrap) > .wp-block-kadence-column{justify-content:start;}.kb-row-layout-id68_4587ec-1a > .kt-row-column-wrap{column-gap:var(--global-kb-gap-md, 2rem);row-gap:var(--global-kb-gap-md, 2rem);max-width:960px;margin-left:auto;margin-right:auto;padding-top:0px;padding-right:25px;padding-bottom:25px;padding-left:25px;grid-template-columns:minmax(0, 1fr);}.kb-row-layout-id68_4587ec-1a > .kt-row-layout-overlay{opacity:0.30;}@media all and (max-width: 1024px){.kb-row-layout-id68_4587ec-1a > .kt-row-column-wrap{grid-template-columns:minmax(0, 1fr);}}@media all and (max-width: 767px){.kb-row-layout-id68_4587ec-1a > .kt-row-column-wrap{padding-top:var(--global-kb-spacing-xxl, 5rem);grid-template-columns:minmax(0, 1fr);}}<\/style><div class=\"kb-row-layout-wrap kb-row-layout-id68_4587ec-1a alignnone has-theme-palette7-background-color kt-row-has-bg wp-block-kadence-rowlayout\"><div class=\"kt-row-column-wrap kt-has-1-columns kt-row-layout-equal kt-tab-layout-inherit kt-mobile-layout-row kt-row-valign-top\">\n<style>.kadence-column68_e707e9-18 > .kt-inside-inner-col,.kadence-column68_e707e9-18 > .kt-inside-inner-col:before{border-top-left-radius:0px;border-top-right-radius:0px;border-bottom-right-radius:0px;border-bottom-left-radius:0px;}.kadence-column68_e707e9-18 > .kt-inside-inner-col{column-gap:var(--global-kb-gap-sm, 1rem);}.kadence-column68_e707e9-18 > .kt-inside-inner-col{flex-direction:column;}.kadence-column68_e707e9-18 > .kt-inside-inner-col > .aligncenter{width:100%;}.kadence-column68_e707e9-18 > .kt-inside-inner-col:before{opacity:0.3;}.kadence-column68_e707e9-18{position:relative;}@media all and (max-width: 1024px){.kadence-column68_e707e9-18 > .kt-inside-inner-col{flex-direction:column;justify-content:center;}}@media all and (max-width: 767px){.kadence-column68_e707e9-18 > .kt-inside-inner-col{flex-direction:column;justify-content:center;}}<\/style>\n<div class=\"wp-block-kadence-column kadence-column68_e707e9-18 inner-column-1\"><div class=\"kt-inside-inner-col\">\n<h2 class=\"wp-block-heading has-text-align-center has-theme-palette-4-color has-text-color has-link-color has-large-font-size wp-elements-ce2454bfbd1d0298cc522f90bf0bf76f\"><br\/>Czy masz jakie\u015b pytania lub planujesz projekt toru do pompowania?<\/h2>\n\n\n\n<h2 class=\"wp-block-heading has-text-align-center has-theme-palette-4-color has-text-color has-link-color has-large-font-size wp-elements-7449d36dce96e997680868f7841c5d48\">Napisz do nas &#8211; czekamy na wiadomo\u015b\u0107 od Ciebie.<\/h2>\n\n\n<style>.kb-row-layout-wrap.wp-block-kadence-rowlayout.kb-row-layout-id68_2377b9-1d{margin-top:40px;margin-bottom:40px;}.kb-row-layout-id68_2377b9-1d > .kt-row-column-wrap{align-content:start;}:where(.kb-row-layout-id68_2377b9-1d > .kt-row-column-wrap) > .wp-block-kadence-column{justify-content:start;}.kb-row-layout-id68_2377b9-1d > .kt-row-column-wrap{column-gap:var(--global-kb-gap-md, 2rem);row-gap:var(--global-kb-gap-md, 2rem);max-width:700px;margin-left:auto;margin-right:auto;padding-top:0px;padding-right:25px;padding-bottom:15px;padding-left:25px;grid-template-columns:minmax(0, 1fr);}.kb-row-layout-id68_2377b9-1d > .kt-row-layout-overlay{opacity:0.30;}@media all and (max-width: 1024px){.kb-row-layout-id68_2377b9-1d > .kt-row-column-wrap{grid-template-columns:minmax(0, 1fr);}}@media all and (max-width: 767px){.kb-row-layout-id68_2377b9-1d > .kt-row-column-wrap{padding-top:0px;padding-right:0px;padding-bottom:0px;padding-left:0px;grid-template-columns:minmax(0, 1fr);}}<\/style><div class=\"kb-row-layout-wrap kb-row-layout-id68_2377b9-1d alignnone wp-block-kadence-rowlayout\"><div class=\"kt-row-column-wrap kt-has-1-columns kt-row-layout-equal kt-tab-layout-inherit kt-mobile-layout-row kt-row-valign-top\">\n<style>.kadence-column68_7da6d2-fb > .kt-inside-inner-col,.kadence-column68_7da6d2-fb > .kt-inside-inner-col:before{border-top-left-radius:0px;border-top-right-radius:0px;border-bottom-right-radius:0px;border-bottom-left-radius:0px;}.kadence-column68_7da6d2-fb > .kt-inside-inner-col{column-gap:var(--global-kb-gap-sm, 1rem);}.kadence-column68_7da6d2-fb > .kt-inside-inner-col{flex-direction:column;}.kadence-column68_7da6d2-fb > .kt-inside-inner-col > .aligncenter{width:100%;}.kadence-column68_7da6d2-fb > .kt-inside-inner-col:before{opacity:0.3;}.kadence-column68_7da6d2-fb{position:relative;}@media all and (max-width: 1024px){.kadence-column68_7da6d2-fb > .kt-inside-inner-col{flex-direction:column;justify-content:center;}}@media all and (max-width: 767px){.kadence-column68_7da6d2-fb > .kt-inside-inner-col{flex-direction:column;justify-content:center;}}<\/style>\n<div class=\"wp-block-kadence-column kadence-column68_7da6d2-fb inner-column-1\"><div class=\"kt-inside-inner-col\"><div class=\"frm_forms  with_frm_style frm_style_formidable-stil\" id=\"frm_form_1_container\" >\n<form enctype=\"multipart\/form-data\" method=\"post\" class=\"frm-show-form \" id=\"form_contact-form\" >\n<div class=\"frm_form_fields \">\n<fieldset>\n<legend class=\"frm_screen_reader\">Contact Us<\/legend>\r\n\r\n<div class=\"frm_fields_container\">\n<input type=\"hidden\" name=\"frm_action\" value=\"create\" \/>\n<input type=\"hidden\" name=\"form_id\" value=\"1\" \/>\n<input type=\"hidden\" name=\"frm_hide_fields_1\" id=\"frm_hide_fields_1\" value=\"\" \/>\n<input type=\"hidden\" name=\"form_key\" value=\"contact-form\" \/>\n<input type=\"hidden\" name=\"item_meta[0]\" value=\"\" \/>\n<input type=\"hidden\" id=\"frm_submit_entry_1\" name=\"frm_submit_entry_1\" value=\"f3427a64bf\" \/><input type=\"hidden\" name=\"_wp_http_referer\" value=\"\/pl\/wp-json\/wp\/v2\/pages\/7880\" \/><div id=\"frm_field_16_container\" class=\"frm_form_field form-field  frm_required_field frm_top_container frm12 frm_first\">\r\n\t<div  id=\"field_x9ak_label\" class=\"frm_primary_label\">Name\r\n\t\t<span class=\"frm_required\" aria-hidden=\"true\">*<\/span>\r\n\t<\/div>\r\n\t<fieldset aria-labelledby=\"field_x9ak_label\">\n\t<legend class=\"frm_screen_reader frm_hidden\">\n\t\tName\t<\/legend>\n\n\t<div  class=\"frm_combo_inputs_container\" id=\"frm_combo_inputs_container_16\" data-name-layout=\"first_last\">\n\t\t\t\t\t<div\n\t\t\t\tid=\"frm_field_16-first_container\"\n\t\t\t\tclass=\"frm_form_field form-field frm_form_subfield-first  frm6\"\n\t\t\t\tdata-sub-field-name=\"first\"\n\t\t\t>\n\t\t\t\t<label for=\"field_x9ak_first\" class=\"frm_screen_reader frm_hidden\">\n\t\t\t\t\tVorname\t\t\t\t<\/label>\n\n\t\t\t\t<input  type=\"text\" id=\"field_x9ak_first\" value=\"\" name=\"item_meta[16][first]\" autocomplete=\"given-name\" data-reqmsg=\"Name kann nicht leer sein.\" aria-required=\"true\" data-invmsg=\"Name jest nieprawid\u0142owe\" aria-invalid=\"false\"  \/><div class=\"frm_description\" id=\"frm_field_16_first_desc\">Vorname<\/div>\t\t\t<\/div>\n\t\t\t\t\t\t<div\n\t\t\t\tid=\"frm_field_16-last_container\"\n\t\t\t\tclass=\"frm_form_field form-field frm_form_subfield-last  frm6\"\n\t\t\t\tdata-sub-field-name=\"last\"\n\t\t\t>\n\t\t\t\t<label for=\"field_x9ak_last\" class=\"frm_screen_reader frm_hidden\">\n\t\t\t\t\tNachname\t\t\t\t<\/label>\n\n\t\t\t\t<input  type=\"text\" id=\"field_x9ak_last\" value=\"\" name=\"item_meta[16][last]\" autocomplete=\"family-name\" data-reqmsg=\"Name kann nicht leer sein.\" aria-required=\"true\" data-invmsg=\"Name jest nieprawid\u0142owe\" aria-invalid=\"false\"  \/><div class=\"frm_description\" id=\"frm_field_16_last_desc\">Nachname<\/div>\t\t\t<\/div>\n\t\t\t\t<\/div>\n<\/fieldset>\n\r\n\t\r\n\t\r\n<\/div>\n<div id=\"frm_field_3_container\" class=\"frm_form_field form-field  frm_required_field frm_top_container frm_full\">\r\n\t<label for=\"field_29yf4d\" id=\"field_29yf4d_label\" class=\"frm_primary_label\">Email\r\n\t\t<span class=\"frm_required\" aria-hidden=\"true\">*<\/span>\r\n\t<\/label>\r\n\t<input type=\"email\" id=\"field_29yf4d\" name=\"item_meta[3]\" value=\"\"  data-reqmsg=\"Email kann nicht leer sein.\" aria-required=\"true\" data-invmsg=\"Please enter a valid email address\" aria-invalid=\"false\"  \/>\r\n\t\r\n\t\r\n<\/div>\n<div id=\"frm_field_9_container\" class=\"frm_form_field form-field  frm_required_field frm_top_container frm6 frm_first\">\r\n\t<label for=\"field_82fsy\" id=\"field_82fsy_label\" class=\"frm_primary_label\">Ich m\u00f6chte einen Pumptrack &#8230;\r\n\t\t<span class=\"frm_required\" aria-hidden=\"true\">*<\/span>\r\n\t<\/label>\r\n\t\t\t<select name=\"item_meta[9]\" id=\"field_82fsy\"  data-reqmsg=\"Ich m\u00f6chte einen Pumptrack ... kann nicht leer sein.\" aria-required=\"true\" data-invmsg=\"Ich m\u00f6chte einen Pumptrack ... ist ung\u00fcltig\" aria-invalid=\"false\"  >\n\t\t<option  value=\"Kaufen\">Kaufen<\/option><option  value=\"Mieten\">Mieten<\/option>\t<\/select>\n\t\r\n\t\r\n\t\r\n<\/div>\n<div id=\"frm_field_4_container\" class=\"frm_form_field form-field  frm_top_container frm6\">\r\n\t<label for=\"field_e6lis6\" id=\"field_e6lis6_label\" class=\"frm_primary_label\">Firma \/ Gemeinde\r\n\t\t<span class=\"frm_required\" aria-hidden=\"true\"><\/span>\r\n\t<\/label>\r\n\t<input type=\"text\" id=\"field_e6lis6\" name=\"item_meta[4]\" value=\"\"  data-invmsg=\"Firma \/ Gemeinde ist ung\u00fcltig\" aria-invalid=\"false\"  \/>\r\n\t\r\n\t\r\n<\/div>\n<div id=\"frm_field_5_container\" class=\"frm_form_field form-field  frm_required_field frm_top_container frm_full\">\r\n\t<label for=\"field_9jv0r1\" id=\"field_9jv0r1_label\" class=\"frm_primary_label\">Nachricht\r\n\t\t<span class=\"frm_required\" aria-hidden=\"true\">*<\/span>\r\n\t<\/label>\r\n\t<textarea name=\"item_meta[5]\" id=\"field_9jv0r1\" rows=\"5\"  data-reqmsg=\"Nachricht kann nicht leer sein.\" aria-required=\"true\" data-invmsg=\"Nachricht jest nieprawid\u0142owe\" aria-invalid=\"false\"  ><\/textarea>\r\n\t\r\n\t\r\n<\/div>\n<input type=\"hidden\" id=\"field_quelle\" name=\"item_meta[17]\" value=\"\"    \/><input type=\"hidden\" id=\"field_vfims\" name=\"item_meta[18]\" value=\"\"    \/><div id=\"frm_field_12_container\" class=\"frm_form_field form-field  frm_none_container\">\r\n\t<label for=\"cf-turnstile-response\" id=\"field_20n8j_label\" class=\"frm_primary_label\">Captcha\r\n\t\t<span class=\"frm_required\" aria-hidden=\"true\"><\/span>\r\n\t<\/label>\r\n\t<div  id=\"field_20n8j\" class=\"frm-cf-turnstile\" data-sitekey=\"0x4AAAAAAB-64i8pLrLGanUP\" data-language=\"pl-PL\" data-size=\"normal\" data-theme=\"light\"><\/div>\r\n\t\r\n\t\r\n<\/div>\n<div id=\"frm_field_6_container\" class=\"frm_form_field form-field \">\r\n\t<div class=\"frm_submit frm_flex\">\r\n<button class=\"frm_button_submit\" type=\"submit\"  >Senden<\/button>\r\n\r\n\r\n\r\n<\/div>\r\n<\/div>\n\t<input type=\"hidden\" name=\"item_key\" value=\"\" \/>\n\t\t\t<div id=\"frm_field_19_container\">\n\t\t\t<label for=\"field_58h1d\" >\n\t\t\t\tJe\u017celi jeste\u015b cz\u0142owiekiem, zostaw to pole puste.\t\t\t<\/label>\n\t\t\t<input  id=\"field_58h1d\" type=\"text\" class=\"frm_form_field form-field frm_verify\" name=\"item_meta[19]\" value=\"\"  \/>\n\t\t<\/div>\n\t\t<input name=\"frm_state\" type=\"hidden\" value=\"APFiK8IzB84a+KaAG1TDPvoFjOmbFhhHLKLXTJ5dYsg=\" \/><\/div>\n<\/fieldset>\n<\/div>\n\n<p style=\"display: none !important;\" class=\"akismet-fields-container\" data-prefix=\"ak_\"><label>&#916;<textarea name=\"ak_hp_textarea\" cols=\"45\" rows=\"8\" maxlength=\"100\"><\/textarea><\/label><input type=\"hidden\" id=\"ak_js_1\" name=\"ak_js\" value=\"32\"\/><script>document.getElementById( \"ak_js_1\" ).setAttribute( \"value\", ( new Date() ).getTime() );<\/script><\/p><\/form>\n<\/div>\n<\/div><\/div>\n\n<\/div><\/div>\n\n<style>.kadence-column68_f852d2-76 > .kt-inside-inner-col,.kadence-column68_f852d2-76 > .kt-inside-inner-col:before{border-top-left-radius:0px;border-top-right-radius:0px;border-bottom-right-radius:0px;border-bottom-left-radius:0px;}.kadence-column68_f852d2-76 > .kt-inside-inner-col{column-gap:var(--global-kb-gap-sm, 1rem);}.kadence-column68_f852d2-76 > .kt-inside-inner-col{flex-direction:column;}.kadence-column68_f852d2-76 > .kt-inside-inner-col > .aligncenter{width:100%;}.kadence-column68_f852d2-76 > .kt-inside-inner-col:before{opacity:0.3;}.kadence-column68_f852d2-76{position:relative;}@media all and (max-width: 1024px){.kadence-column68_f852d2-76 > .kt-inside-inner-col{flex-direction:column;justify-content:center;}}@media all and (max-width: 767px){.kadence-column68_f852d2-76 > .kt-inside-inner-col{flex-direction:column;justify-content:center;}}<\/style>\n<div class=\"wp-block-kadence-column kadence-column68_f852d2-76\"><div class=\"kt-inside-inner-col\"><style>.wp-block-kadence-advancedheading.kt-adv-heading68_8d9e1d-d8, .wp-block-kadence-advancedheading.kt-adv-heading68_8d9e1d-d8[data-kb-block=\"kb-adv-heading68_8d9e1d-d8\"]{text-align:center;font-style:normal;color:#000808;}.wp-block-kadence-advancedheading.kt-adv-heading68_8d9e1d-d8 mark.kt-highlight, .wp-block-kadence-advancedheading.kt-adv-heading68_8d9e1d-d8[data-kb-block=\"kb-adv-heading68_8d9e1d-d8\"] mark.kt-highlight{font-style:normal;color:#f76a0c;-webkit-box-decoration-break:clone;box-decoration-break:clone;padding-top:0px;padding-right:0px;padding-bottom:0px;padding-left:0px;}.wp-block-kadence-advancedheading.kt-adv-heading68_8d9e1d-d8 img.kb-inline-image, .wp-block-kadence-advancedheading.kt-adv-heading68_8d9e1d-d8[data-kb-block=\"kb-adv-heading68_8d9e1d-d8\"] img.kb-inline-image{width:150px;vertical-align:baseline;}<\/style>\n<h2 class=\"kt-adv-heading68_8d9e1d-d8 wp-block-kadence-advancedheading\" data-kb-block=\"kb-adv-heading68_8d9e1d-d8\">Tel.: <a href=\"tel:+393342509575\">+39 3342509575 <\/a> <\/h2>\n\n\n\n<h2 class=\"wp-block-heading has-text-align-center has-theme-palette-4-color has-text-color has-link-color wp-elements-0f2d0442bb7e2663ee7be18b3429fc1c\">E-mail: info@ecopumptrack.com<\/h2>\n\n\n\n<h2 class=\"wp-block-heading has-text-align-center has--font-size has-theme-palette-4-color has-text-color has-link-color wp-elements-5f579b33bf15e5b4e01ae1d698c956e2\">Ecopumptrack<br\/>St. Jakobstra\u00dfe 250<br\/>Laives, 39055<\/h2>\n<\/div><\/div>\n\n\n<style>.wp-block-kadence-advancedbtn.kb-btns68_d88290-9b{gap:var(--global-kb-gap-xs, 0.5rem );justify-content:center;align-items:center;}.kt-btns68_d88290-9b .kt-button{font-weight:normal;font-style:normal;}<\/style>\n<div class=\"wp-block-kadence-advancedbtn kb-buttons-wrap kb-btns68_d88290-9b\"><style>ul.menu .wp-block-kadence-advancedbtn .kb-btn68_20cc3d-63.kb-button{width:initial;}.wp-block-kadence-advancedbtn .kb-btn68_20cc3d-63.kb-button{color:var(--global-palette2, #2B6CB0);background:var(--global-palette1, #3182CE);border-top-left-radius:10px;border-top-right-radius:10px;border-bottom-right-radius:10px;border-bottom-left-radius:10px;border-top-color:var(--global-palette2, #2B6CB0);border-top-style:solid;border-right-color:var(--global-palette2, #2B6CB0);border-right-style:solid;border-bottom-color:var(--global-palette2, #2B6CB0);border-bottom-style:solid;border-left-color:var(--global-palette2, #2B6CB0);border-left-style:solid;box-shadow:0px 0px 60px 5px rgba(0, 0, 0, 0.2);}.wp-block-kadence-advancedbtn .kb-btn68_20cc3d-63.kb-button:hover, .wp-block-kadence-advancedbtn .kb-btn68_20cc3d-63.kb-button:focus{color:var(--global-palette3, #1A202C);background:var(--global-palette2, #2B6CB0);border-top-color:var(--global-palette1, #3182CE);border-top-style:solid;border-right-color:var(--global-palette1, #3182CE);border-right-style:solid;border-bottom-color:var(--global-palette1, #3182CE);border-bottom-style:solid;border-left-color:var(--global-palette1, #3182CE);border-left-style:solid;}@media all and (max-width: 1024px){.wp-block-kadence-advancedbtn .kb-btn68_20cc3d-63.kb-button{border-top-color:var(--global-palette2, #2B6CB0);border-top-style:solid;border-right-color:var(--global-palette2, #2B6CB0);border-right-style:solid;border-bottom-color:var(--global-palette2, #2B6CB0);border-bottom-style:solid;border-left-color:var(--global-palette2, #2B6CB0);border-left-style:solid;}}@media all and (max-width: 1024px){.wp-block-kadence-advancedbtn .kb-btn68_20cc3d-63.kb-button:hover, .wp-block-kadence-advancedbtn .kb-btn68_20cc3d-63.kb-button:focus{border-top-color:var(--global-palette1, #3182CE);border-top-style:solid;border-right-color:var(--global-palette1, #3182CE);border-right-style:solid;border-bottom-color:var(--global-palette1, #3182CE);border-bottom-style:solid;border-left-color:var(--global-palette1, #3182CE);border-left-style:solid;}}@media all and (max-width: 767px){.wp-block-kadence-advancedbtn .kb-btn68_20cc3d-63.kb-button{border-top-color:var(--global-palette2, #2B6CB0);border-top-style:solid;border-right-color:var(--global-palette2, #2B6CB0);border-right-style:solid;border-bottom-color:var(--global-palette2, #2B6CB0);border-bottom-style:solid;border-left-color:var(--global-palette2, #2B6CB0);border-left-style:solid;}.wp-block-kadence-advancedbtn .kb-btn68_20cc3d-63.kb-button:hover, .wp-block-kadence-advancedbtn .kb-btn68_20cc3d-63.kb-button:focus{border-top-color:var(--global-palette1, #3182CE);border-top-style:solid;border-right-color:var(--global-palette1, #3182CE);border-right-style:solid;border-bottom-color:var(--global-palette1, #3182CE);border-bottom-style:solid;border-left-color:var(--global-palette1, #3182CE);border-left-style:solid;}}<\/style><a class=\"kb-button kt-button button kb-btn68_20cc3d-63 kt-btn-size-standard kt-btn-width-type-auto kb-btn-global-fill  kt-btn-has-text-true kt-btn-has-svg-false  wp-block-kadence-singlebtn\" href=\"https:\/\/maps.app.goo.gl\/CuajTem34V7rG1iB7\" target=\"_blank\" rel=\"noreferrer noopener\"><span class=\"kt-btn-inner-text\">Wy\u015bwietl map\u0119<\/span><\/a><\/div>\n\n\n<style>.wp-block-kadence-spacer.kt-block-spacer-68_2f73ae-99 .kt-block-spacer{height:60px;}.wp-block-kadence-spacer.kt-block-spacer-68_2f73ae-99 .kt-divider{border-top-width:1px;height:1px;border-top-color:#eee;width:80%;border-top-style:solid;}<\/style>\n<div class=\"wp-block-kadence-spacer aligncenter kt-block-spacer-68_2f73ae-99\"><div class=\"kt-block-spacer kt-block-spacer-halign-center\"><\/div><\/div>\n<\/div><\/div>\n\n<\/div><\/div>\n<style>.site-footer-wrap{background: #cad2c3;}<\/style>\n\n<p><\/p>\n","protected":false},"excerpt":{"rendered":"<p>Czy masz jakie\u015b pytania lub planujesz projekt toru do pompowania? Napisz do nas &#8211; czekamy na wiadomo\u015b\u0107 od Ciebie. Tel.: +39 3342509575 E-mail: info@ecopumptrack.com EcopumptrackSt. Jakobstra\u00dfe 250Laives, 39055<\/p>\n","protected":false},"author":1,"featured_media":0,"parent":0,"menu_order":0,"comment_status":"closed","ping_status":"closed","template":"","meta":{"_kadence_starter_templates_imported_post":false,"_kad_post_transparent":"","_kad_post_title":"","_kad_post_layout":"","_kad_post_sidebar_id":"","_kad_post_content_style":"","_kad_post_vertical_padding":"","_kad_post_feature":"","_kad_post_feature_position":"","_kad_post_header":false,"_kad_post_footer":false,"_kad_post_classname":"","footnotes":""},"class_list":["post-7880","page","type-page","status-publish","hentry"],"_links":{"self":[{"href":"https:\/\/ecopumptrack.com\/pl\/wp-json\/wp\/v2\/pages\/7880","targetHints":{"allow":["GET"]}}],"collection":[{"href":"https:\/\/ecopumptrack.com\/pl\/wp-json\/wp\/v2\/pages"}],"about":[{"href":"https:\/\/ecopumptrack.com\/pl\/wp-json\/wp\/v2\/types\/page"}],"author":[{"embeddable":true,"href":"https:\/\/ecopumptrack.com\/pl\/wp-json\/wp\/v2\/users\/1"}],"replies":[{"embeddable":true,"href":"https:\/\/ecopumptrack.com\/pl\/wp-json\/wp\/v2\/comments?post=7880"}],"version-history":[{"count":3,"href":"https:\/\/ecopumptrack.com\/pl\/wp-json\/wp\/v2\/pages\/7880\/revisions"}],"predecessor-version":[{"id":8167,"href":"https:\/\/ecopumptrack.com\/pl\/wp-json\/wp\/v2\/pages\/7880\/revisions\/8167"}],"wp:attachment":[{"href":"https:\/\/ecopumptrack.com\/pl\/wp-json\/wp\/v2\/media?parent=7880"}],"curies":[{"name":"wp","href":"https:\/\/api.w.org\/{rel}","templated":true}]}}