{"id":7963,"date":"2025-02-03T14:57:50","date_gmt":"2025-02-03T14:57:50","guid":{"rendered":"https:\/\/ecopumptrack.com\/product\/vaduz\/"},"modified":"2026-01-23T07:06:56","modified_gmt":"2026-01-23T07:06:56","slug":"vaduz","status":"publish","type":"product","link":"https:\/\/ecopumptrack.com\/pl\/produkt\/vaduz\/","title":{"rendered":"VADUZ"},"content":{"rendered":"<div class=\"elementor-element elementor-element-3c41a13 elementor-widget elementor-widget-text-editor\" data-id=\"3c41a13\" data-element_type=\"widget\" data-widget_type=\"text-editor.default\">\n<div class=\"elementor-widget-container\">\n<p><strong style=\"font-family: var(--global-body-font-family);\">D\u0142ugo\u015b\u0107 jezdni<\/strong><\/p>\n<\/div>\n<\/div>\n<div class=\"elementor-element elementor-element-dad7fec elementor-widget elementor-widget-text-editor\" data-id=\"dad7fec\" data-element_type=\"widget\" data-widget_type=\"text-editor.default\">\n<div class=\"elementor-widget-container\">\n<p>37m<\/p>\n<p><strong>Liczba segment\u00f3w<\/strong><br \/>\n38<\/p>\n<p><strong>Powierzchnia<\/strong><br \/>\nok. 7m x 16m<\/p>\n<p><strong>Masa ca\u0142kowita<\/strong><br \/>\nok. 1900kg<\/p>\n<\/div>\n<\/div>\n","protected":false},"excerpt":{"rendered":"<p>Nasz najmniejszy i niezwykle popularny modu\u0142owy model toru do pompek to idealny wyb\u00f3r dla pocz\u0105tkuj\u0105cych i mniejszych obszar\u00f3w. Dzi\u0119ki kompaktowej konstrukcji ten mobilny pump track mo\u017ce by\u0107 elastycznie konfigurowany i idealnie nadaje si\u0119 do szk\u00f3\u0142, klub\u00f3w lub przestrzeni publicznych. Pomimo niewielkich rozmiar\u00f3w oferuje maksymaln\u0105 przyjemno\u015b\u0107 z jazdy i promuje zr\u0119czno\u015b\u0107 oraz poczucie r\u00f3wnowagi  <\/p>\n","protected":false},"featured_media":7962,"template":"","meta":{"_kadence_starter_templates_imported_post":false,"_kad_post_transparent":"","_kad_post_title":"","_kad_post_layout":"","_kad_post_sidebar_id":"","_kad_post_content_style":"","_kad_post_vertical_padding":"","_kad_post_feature":"","_kad_post_feature_position":"","_kad_post_header":false,"_kad_post_footer":false,"_kad_post_classname":""},"product_brand":[],"product_cat":[321],"product_tag":[],"class_list":{"0":"post-7963","1":"product","2":"type-product","3":"status-publish","4":"has-post-thumbnail","6":"product_cat-standardowy-tor-do-pompowania","8":"first","9":"instock","10":"shipping-taxable","11":"product-type-simple","12":"entry","13":"content-bg","14":"loop-entry"},"_links":{"self":[{"href":"https:\/\/ecopumptrack.com\/pl\/wp-json\/wp\/v2\/product\/7963","targetHints":{"allow":["GET"]}}],"collection":[{"href":"https:\/\/ecopumptrack.com\/pl\/wp-json\/wp\/v2\/product"}],"about":[{"href":"https:\/\/ecopumptrack.com\/pl\/wp-json\/wp\/v2\/types\/product"}],"wp:featuredmedia":[{"embeddable":true,"href":"https:\/\/ecopumptrack.com\/pl\/wp-json\/wp\/v2\/media\/7962"}],"wp:attachment":[{"href":"https:\/\/ecopumptrack.com\/pl\/wp-json\/wp\/v2\/media?parent=7963"}],"wp:term":[{"taxonomy":"product_brand","embeddable":true,"href":"https:\/\/ecopumptrack.com\/pl\/wp-json\/wp\/v2\/product_brand?post=7963"},{"taxonomy":"product_cat","embeddable":true,"href":"https:\/\/ecopumptrack.com\/pl\/wp-json\/wp\/v2\/product_cat?post=7963"},{"taxonomy":"product_tag","embeddable":true,"href":"https:\/\/ecopumptrack.com\/pl\/wp-json\/wp\/v2\/product_tag?post=7963"}],"curies":[{"name":"wp","href":"https:\/\/api.w.org\/{rel}","templated":true}]}}