{"id":7965,"date":"2025-02-05T17:23:14","date_gmt":"2025-02-05T17:23:14","guid":{"rendered":"https:\/\/ecopumptrack.com\/product\/luksemburg\/"},"modified":"2026-02-12T08:21:20","modified_gmt":"2026-02-12T08:21:20","slug":"luksemburg","status":"publish","type":"product","link":"https:\/\/ecopumptrack.com\/pl\/produkt\/luksemburg\/","title":{"rendered":"LUKSEMBURG"},"content":{"rendered":"<div class=\"elementor-element elementor-element-3c41a13 elementor-widget elementor-widget-text-editor\" data-id=\"3c41a13\" data-element_type=\"widget\" data-widget_type=\"text-editor.default\">\n<div class=\"elementor-widget-container\">\n<p><strong>D\u0142ugo\u015b\u0107 jezdni<\/strong><br \/>\n43m<\/p>\n<p><strong>Liczba segment\u00f3w<\/strong><br \/>\n44<\/p>\n<p><strong>Powierzchnia<\/strong><br \/>\nok. 7m x 19m<\/p>\n<p><strong>Masa ca\u0142kowita<\/strong><br \/>\nok. 2200kg<\/p>\n<\/div>\n<\/div>\n","protected":false},"excerpt":{"rendered":"<p>Modu\u0142owy pump track Luxembourg jest idealnym wyborem dla mniejszych obszar\u00f3w i pocz\u0105tkuj\u0105cych, ale oferuje jeszcze wi\u0119ksz\u0105 pr\u0119dko\u015b\u0107 i dynamik\u0119 dzi\u0119ki dw\u00f3m dodatkowym falom. Jego kompaktowa konstrukcja pozwala na elastyczn\u0105 konfiguracj\u0119, idealn\u0105 dla szk\u00f3\u0142, klub\u00f3w lub przestrzeni publicznych. Pomimo niewielkich rozmiar\u00f3w, ten mobilny pump track zapewnia maksymaln\u0105 frajd\u0119 z jazdy i promuje umiej\u0119tno\u015bci oraz poczucie r\u00f3wnowagi.  <\/p>\n<p>Kup tor do pompowania ju\u017c teraz i stw\u00f3rz ekscytuj\u0105c\u0105 atrakcj\u0119 dla wszystkich grup wiekowych!<\/p>\n","protected":false},"featured_media":7959,"template":"","meta":{"_kadence_starter_templates_imported_post":false,"_kad_post_transparent":"","_kad_post_title":"","_kad_post_layout":"","_kad_post_sidebar_id":"","_kad_post_content_style":"","_kad_post_vertical_padding":"","_kad_post_feature":"","_kad_post_feature_position":"","_kad_post_header":false,"_kad_post_footer":false,"_kad_post_classname":""},"product_brand":[],"product_cat":[321],"product_tag":[],"class_list":{"0":"post-7965","1":"product","2":"type-product","3":"status-publish","4":"has-post-thumbnail","6":"product_cat-standardowy-tor-do-pompowania","8":"first","9":"instock","10":"shipping-taxable","11":"product-type-simple","12":"entry","13":"content-bg","14":"loop-entry"},"_links":{"self":[{"href":"https:\/\/ecopumptrack.com\/pl\/wp-json\/wp\/v2\/product\/7965","targetHints":{"allow":["GET"]}}],"collection":[{"href":"https:\/\/ecopumptrack.com\/pl\/wp-json\/wp\/v2\/product"}],"about":[{"href":"https:\/\/ecopumptrack.com\/pl\/wp-json\/wp\/v2\/types\/product"}],"wp:featuredmedia":[{"embeddable":true,"href":"https:\/\/ecopumptrack.com\/pl\/wp-json\/wp\/v2\/media\/7959"}],"wp:attachment":[{"href":"https:\/\/ecopumptrack.com\/pl\/wp-json\/wp\/v2\/media?parent=7965"}],"wp:term":[{"taxonomy":"product_brand","embeddable":true,"href":"https:\/\/ecopumptrack.com\/pl\/wp-json\/wp\/v2\/product_brand?post=7965"},{"taxonomy":"product_cat","embeddable":true,"href":"https:\/\/ecopumptrack.com\/pl\/wp-json\/wp\/v2\/product_cat?post=7965"},{"taxonomy":"product_tag","embeddable":true,"href":"https:\/\/ecopumptrack.com\/pl\/wp-json\/wp\/v2\/product_tag?post=7965"}],"curies":[{"name":"wp","href":"https:\/\/api.w.org\/{rel}","templated":true}]}}